{"id":913,"date":"2019-06-07T14:32:35","date_gmt":"2019-06-07T17:32:35","guid":{"rendered":"https:\/\/www.encontrarecife.com.br\/sobre\/?page_id=913"},"modified":"2019-06-14T13:20:27","modified_gmt":"2019-06-14T16:20:27","slug":"agencia-do-trabalho-recife","status":"publish","type":"page","link":"https:\/\/www.encontrarecife.com.br\/sobre\/agencia-do-trabalho-recife\/","title":{"rendered":"Ag\u00eancia do Trabalho Recife"},"content":{"rendered":"<div class=\"13f566c1641b828fb11817b18261638d\" data-index=\"1\" style=\"float: none; margin:0px;\">\n<!-- Anuncio display - global -->\r\n<ins class=\"adsbygoogle\"\r\n     style=\"display:block\"\r\n     data-ad-client=\"ca-pub-8585364105181520\"\r\n     data-ad-slot=\"8789329856\"\r\n     data-ad-format=\"auto\"\r\n     data-full-width-responsive=\"true\"><\/ins>\r\n<script>\r\n     (adsbygoogle = window.adsbygoogle || []).push({});\r\n<\/script>\n<\/div>\n<p><strong>Ag\u00eancia do Trabalho Recife<\/strong> &#8211; SINE-PE \u00e9 uma unidade t\u00e9cnica da Secretaria da Micro e Pequena Empresa, Trabalho e Qualifica\u00e7\u00e3o, do Governo de Pernambuco, respons\u00e1vel pela coordena\u00e7\u00e3o do conjunto de a\u00e7\u00f5es voltadas \u00e0 intermedia\u00e7\u00e3o de m\u00e3o de obra, habilita\u00e7\u00e3o do seguro-desemprego, orienta\u00e7\u00e3o profissional.<\/p>\n<p>Entre os objetivos, disseminar informa\u00e7\u00f5es aos que buscam emprego e ampliar a oferta de servi\u00e7os ao trabalhador, atrav\u00e9s da atua\u00e7\u00e3o dos 29 postos da Ag\u00eancia do Trabalho\/SINE-PE instalados em diversos munic\u00edpios do Estado de Pernambuco.<\/p>\n<p><img decoding=\"async\" loading=\"lazy\" class=\"alignnone wp-image-914 size-full\" title=\"Ag\u00eancia do Trabalho Recife\" src=\"https:\/\/www.encontrarecife.com.br\/sobre\/wp-content\/uploads\/agencia-do-tar.gif\" alt=\"Ag\u00eancia do Trabalho Recife\" width=\"680\" height=\"189\" \/><\/p>\n<h2>Ag\u00eancia do Trabalho\u00a0Recife Consulta de Vagas<\/h2>\n<p>A Ag\u00eancia de Emprego do Recife divulga, diariamente, a rela\u00e7\u00e3o de <em>vagas<\/em> dispon\u00edveis para servi\u00e7os e atividades profissionais no Recife e Regi\u00e3o Metropolitana. Essas oportunidades est\u00e3o sujeitas ao preenchimento imediato ou cancelamento. O importante \u00e9 estar cadastrado no banco de dados do sistema e ficar atento \u00e0s vagas que v\u00e3o surgindo.<\/p>\n<h3>Ag\u00eancia do Trabalho\u00a0Recife Trabalhador<\/h3>\n<p>A Ag\u00eancia oferece \u00e0 popula\u00e7\u00e3o, servi\u00e7os que proporcionam sua inser\u00e7\u00e3o ou reinser\u00e7\u00e3o no mercado de trabalho, contemplando desde a emiss\u00e3o de Carteira de Trabalho e Previd\u00eancia Social \u2013 CTPS, ao encaminhamento a vagas de emprego e \u00e0 habilita\u00e7\u00e3o ao Seguro Desemprego. A ag\u00eancia oferece ao trabalhador os seguintes servi\u00e7os:<\/p>\n<ul>\n<li>Intermedia\u00e7\u00e3o a vagas de Emprego;<\/li>\n<li>Habilita\u00e7\u00e3o ao Seguro Desemprego;<\/li>\n<li>Emiss\u00e3o de Carteira de Trabalho e Previd\u00eancia Social (CTPS);<\/li>\n<li>Orienta\u00e7\u00e3o Profissional<\/li>\n<li>Solicita\u00e7\u00e3o de Seguro Desemprego<\/li>\n<\/ul>\n<h3>Ag\u00eancia do Trabalho\u00a0Recife\u00a0Empregador<\/h3>\n<p>A Ag\u00eancia do Trabalho, como integrante da rede SINE, disponibiliza aos <em>empregadores<\/em> o Sistema Mais Emprego, que possui estrutura integrante um banco de dados atualizado com mais de um milh\u00e3o de trabalhadores inscritos em todo o Estado, oferecendo \u00e0s empresas servi\u00e7o de encaminhamento de profissionais que estejam de acordo com o perfil solicitado. Disponibiliza, ainda, em algumas unidades, estrutura para que as empresas possam fazer suas sele\u00e7\u00f5es, inclusive, com a disponibiliza\u00e7\u00e3o de psic\u00f3logos para assist\u00eancia no processo seletivo.<\/p>\n<h3>Ag\u00eancia do Trabalho\u00a0Recife\u00a0Cadastro de Curr\u00edculo<\/h3>\n<p>Compare\u00e7a \u00e0 uma unidade da ag\u00eancia do trabalho munido dos seu documentos e carteira profissional e fa\u00e7a seu cadastro no banco de curr\u00edculos da ag\u00eancia do Trabalhador.<\/p>\n<h3>Hor\u00e1rio de Funcionamento\u00a0Ag\u00eancia do Trabalho em Recife<\/h3>\n<ul>\n<li><strong>Boa Vista:<\/strong>\u00a0Segunda a Sexta das\u00a06h30 \u00e0s 13h30<\/li>\n<li><strong>Centro:<\/strong>\u00a0Segunda a Sexta das 7h30 \u00e0s 17h<\/li>\n<\/ul>\n<h3>Endere\u00e7o e Telefone\u00a0Ag\u00eancia do Trabalho em Recife<\/h3>\n<ul>\n<li><strong>Boa Vista:<\/strong> Rua da Aurora, 425 &#8211; Telefone: (81) 3183-7000<\/li>\n<li><strong>Centro:<\/strong> Av. Rio Branco, 155 &#8211; Telefone: (81) 3355-2900<\/li>\n<\/ul>\n<h4>Mapa de localiza\u00e7\u00e3o Boa Vista<\/h4>\n<a class=\"wp-colorbox-iframe\" href=\"https:\/\/www.google.com\/maps\/embed?pb=!1m18!1m12!1m3!1d3950.404991698123!2d-34.88280648522019!3d-8.06010669419651!2m3!1f0!2f0!3f0!3m2!1i1024!2i768!4f13.1!3m3!1m2!1s0x7ab18beeb9f67570x2a1cb9f39b32f440!2sR.+da+Aurora+425+-+Boa+Vista+Recife+-+PE+50050-000!5e0!3m2!1spt-BR!2sbr!4v1559928566287!5m2!1spt-BR!2sbr\"><img src=\"http:\/\/www.encontrarecife.com.br\/imgs\/maps-post.png\"><\/a>\n\n<div style=\"font-size: 0px; height: 0px; line-height: 0px; margin: 0; padding: 0; clear: both;\"><\/div>","protected":false},"excerpt":{"rendered":"<p>Ag\u00eancia do Trabalho Recife &#8211; SINE-PE \u00e9 uma unidade t\u00e9cnica da Secretaria da Micro e Pequena Empresa, Trabalho e Qualifica\u00e7\u00e3o, do Governo de Pernambuco, respons\u00e1vel pela coordena\u00e7\u00e3o do conjunto de a\u00e7\u00f5es voltadas \u00e0 intermedia\u00e7\u00e3o de m\u00e3o de obra, habilita\u00e7\u00e3o do seguro-desemprego, orienta\u00e7\u00e3o profissional. Entre os objetivos, disseminar informa\u00e7\u00f5es aos que buscam emprego e ampliar a oferta de servi\u00e7os ao trabalhador, atrav\u00e9s da atua\u00e7\u00e3o dos 29 postos da Ag\u00eancia do Trabalho\/SINE-PE instalados em diversos munic\u00edpios do Estado de Pernambuco. Ag\u00eancia do Trabalho\u00a0Recife Consulta de Vagas A Ag\u00eancia de Emprego do Recife divulga, diariamente, a rela\u00e7\u00e3o de vagas dispon\u00edveis para servi\u00e7os e <\/p>\n","protected":false},"author":1,"featured_media":0,"parent":0,"menu_order":0,"comment_status":"closed","ping_status":"closed","template":"","meta":[],"aioseo_notices":[],"_links":{"self":[{"href":"https:\/\/www.encontrarecife.com.br\/sobre\/wp-json\/wp\/v2\/pages\/913"}],"collection":[{"href":"https:\/\/www.encontrarecife.com.br\/sobre\/wp-json\/wp\/v2\/pages"}],"about":[{"href":"https:\/\/www.encontrarecife.com.br\/sobre\/wp-json\/wp\/v2\/types\/page"}],"author":[{"embeddable":true,"href":"https:\/\/www.encontrarecife.com.br\/sobre\/wp-json\/wp\/v2\/users\/1"}],"replies":[{"embeddable":true,"href":"https:\/\/www.encontrarecife.com.br\/sobre\/wp-json\/wp\/v2\/comments?post=913"}],"version-history":[{"count":0,"href":"https:\/\/www.encontrarecife.com.br\/sobre\/wp-json\/wp\/v2\/pages\/913\/revisions"}],"wp:attachment":[{"href":"https:\/\/www.encontrarecife.com.br\/sobre\/wp-json\/wp\/v2\/media?parent=913"}],"curies":[{"name":"wp","href":"https:\/\/api.w.org\/{rel}","templated":true}]}}