{"id":904,"date":"2019-06-07T06:59:09","date_gmt":"2019-06-07T09:59:09","guid":{"rendered":"https:\/\/www.encontrarecife.com.br\/sobre\/?page_id=904"},"modified":"2019-08-19T05:20:44","modified_gmt":"2019-08-19T08:20:44","slug":"correios-recife","status":"publish","type":"page","link":"https:\/\/www.encontrarecife.com.br\/sobre\/correios-recife\/","title":{"rendered":"Correios Recife"},"content":{"rendered":"<div class=\"13f566c1641b828fb11817b18261638d\" data-index=\"1\" style=\"float: none; margin:0px;\">\n<!-- Anuncio display - global -->\r\n<ins class=\"adsbygoogle\"\r\n     style=\"display:block\"\r\n     data-ad-client=\"ca-pub-8585364105181520\"\r\n     data-ad-slot=\"8789329856\"\r\n     data-ad-format=\"auto\"\r\n     data-full-width-responsive=\"true\"><\/ins>\r\n<script>\r\n     (adsbygoogle = window.adsbygoogle || []).push({});\r\n<\/script>\n<\/div>\n<p>Sua correspond\u00eancia entregue com efici\u00eancia atrav\u00e9s das ag\u00eancias dos Correios localizadas na cidade de Recife. Todas as ag\u00eancias dos Correios em Recife funcionam de Segunda a Sexta-feira das 9h \u00e0s 16 horas.<\/p>\n<p>J\u00e1 suas entregas ser\u00e3o feitas de acordo com a data de postagem e servi\u00e7o contratado no ato do envio. Confira abaixo a rela\u00e7\u00e3o de\u00a0<strong>Ag\u00eancias dos Correios em Recife<\/strong><em>:<\/em><\/p>\n<p><img decoding=\"async\" loading=\"lazy\" class=\"alignnone wp-image-905 size-full\" title=\"Correios Recife\" src=\"https:\/\/www.encontrarecife.com.br\/sobre\/wp-content\/uploads\/correios-curitiba.gif\" alt=\"Correios Recife\" width=\"680\" height=\"189\" \/><\/p>\n<h2>Hist\u00f3ria dos Correios<\/h2>\n<p>Os Correios tiveram sua origem no Brasil em 25 de janeiro de 1663, com a cria\u00e7\u00e3o do Correio-Mor no Rio de Janeiro, embora a capital da col\u00f4nia fosse ent\u00e3o Salvador. Em 1931 o decreto 20.859, de 26 de dezembro de 1931 funde a Diretoria Geral dos Correios com a Reparti\u00e7\u00e3o Geral dos Tel\u00e9grafos e cria o Departamento dos Correios e Tel\u00e9grafos. A ECT foi criada a 20 de mar\u00e7o de 1969, como empresa p\u00fablica vinculada ao Minist\u00e9rio das Comunica\u00e7\u00f5es mediante a transforma\u00e7\u00e3o da autarquia federal que era, ent\u00e3o, Departamento de Correios e Tel\u00e9grafos (DCT). A mudan\u00e7a n\u00e3o representou apenas uma troca de sigla, foi seguida por uma transforma\u00e7\u00e3o profunda no modelo de gest\u00e3o do setor postal brasileiro, tornando-o mais eficiente.<\/p>\n<p>Nos anos que se seguiram, v\u00e1rios servi\u00e7os foram sendo incorporados ao portf\u00f3lio da empresa. Al\u00e9m dos tradicionais servi\u00e7os de cartas, malotes, selos e telegramas, entre os novos servi\u00e7os podem ser destacados os pertencentes \u00e0 fam\u00edlia SEDEX, servi\u00e7o de encomendas expressas. Ao todo s\u00e3o mais de cem produtos e servi\u00e7os oferecidos pela maior empregadora do Brasil (no in\u00edcio de 2008 com mais de 109 mil empregados pr\u00f3prios, al\u00e9m dos terceirizados), sendo a \u00fanica empresa a estar presente em todos os munic\u00edpios do pa\u00eds, com uma vasta rede de unidades pr\u00f3prias e franqueadas. Diversos dos produtos e servi\u00e7os da ECT podem ainda ser adquiridos pela internet.<\/p>\n<p><strong>Moderniza\u00e7\u00e3o<\/strong><br \/>\nDurante a d\u00e9cada de 1990, discutiu-se a possibilidade de uma moderniza\u00e7\u00e3o da empresa. A proposta do novo sistema postal estava baseada no aumento da oferta de servi\u00e7os, na moderniza\u00e7\u00e3o tecnol\u00f3gica e na consolida\u00e7\u00e3o e amplia\u00e7\u00e3o do papel social dos Correios como agente prestador de servi\u00e7os p\u00fablicos. Para isso, o Minist\u00e9rio das Comunica\u00e7\u00f5es do Governo do Presidente Fernando Henrique Cardoso desenvolveu um projeto para o setor postal brasileiro que foi implantado a partir de 1997, denominado Reforma Estrutural do Setor Postal Brasileiro (RESP). As diretrizes acionadas na elabora\u00e7\u00e3o da reestrutura\u00e7\u00e3o postal abarcavam os seguintes aspectos:<\/p>\n<ul>\n<li>Reforma Regulamentar do Setor Postal: defini\u00e7\u00e3o de um novo modelo de explora\u00e7\u00e3o dos servi\u00e7os postais no Brasil, envolvendo quest\u00f5es fundamentais como servi\u00e7os universais, monop\u00f3lio, controle da Empresa Brasileira de Correios e Tel\u00e9grafos &#8211; ECT, \u00f3rg\u00e3o regulador, etc.;<\/li>\n<li>Reforma comercial e organizacional da ECT: moderniza\u00e7\u00e3o da empresa, (&#8230;) preparando-a para atuar em um novo contexto regulamentar a ser implantado no setor;<\/li>\n<li>Servi\u00e7os Financeiros Postais: a utiliza\u00e7\u00e3o da infraestrutura de atendimento da ECT para que, em parceria com o Sistema Financeiro Nacional, sejam prestados servi\u00e7os financeiros b\u00e1sicos \u00e0 parcela da sociedade atualmente n\u00e3o atendida pela rede banc\u00e1ria, isto \u00e9, a popula\u00e7\u00e3o rural e a popula\u00e7\u00e3o urbana de baixa renda.<\/li>\n<\/ul>\n<p>As propostas foram apresentadas na Nova Lei Postal, que tramitou, sem ser aprovada, at\u00e9 o in\u00edcio de 2003, quando foi arquivada. Durante os anos 2000, novamente os Correios foram alvo de propostas de mudan\u00e7as e moderniza\u00e7\u00e3o, retomando, em alguns aspectos, o que fora planejado na d\u00e9cada de 1990. A empresa, ao longo dos anos 2000, esteve no epicentro do esc\u00e2ndalo do &#8220;Mensal\u00e3o&#8221; e apresentou problemas operacionais que foram divulgados como a &#8220;crise dos Correios&#8221;. Apesar disso, a estatal foi palco de diversas inova\u00e7\u00f5es em seus processos gerenciais e comerciais<\/p>\n<h3>Lista de Correios em\u00a0Recife<\/h3>\n<div class=\"lista-gratuito\">\n<ul>\n<li><strong>Encruzilhada:<\/strong> Av. Jo\u00e3o de Barros, 1912 &#8211; Telefone: (81) 3426-0781<\/li>\n<li><strong>Santo Ant\u00f4nio:<\/strong> Av. Guararapes, 250 &#8211; Telefone: (81) 3003-0100<\/li>\n<li><strong>Prado:<\/strong> Av. Gen. San Martin, 1083 &#8211; Telefone: (81) 3445-5344<\/li>\n<li><strong>Iputinga:<\/strong> Rua S\u00e3o Mateus, 791 &#8211; Telefone: (81) 3454-5072<\/li>\n<li><strong>Ilha Joana Bezerra:<\/strong> Av. Advogado Jos\u00e9 Paulo Cavalcanti, s\/n &#8211; Telefone: (81) 3181-0482<\/li>\n<li><strong>Madalena:<\/strong> Av. Caxang\u00e1, 3024 &#8211; Telefone: (81) 3127-3933<\/li>\n<li><strong>Boa Vista:<\/strong> Rua Ros\u00e1rio da Boa Vista, 102 &#8211; Telefone: (81) 3423-8014<\/li>\n<li><strong>Santo Amaro:<\/strong> Rua Princesa Isabel, 410 &#8211; Telefone: (81) 3425-3972<\/li>\n<li><strong>Imbiribeira:<\/strong> Pra\u00e7a Ministro Salgado Filho, s\/n &#8211; Telefone: (81) 3462-3484<\/li>\n<li><strong>Areias:<\/strong> Av. Dr. Jos\u00e9 Rufino, 1295 &#8211; Telefone: (81) 3251-3559<\/li>\n<li><strong>Afogados:<\/strong> Rua S\u00e3o Miguel, 516 &#8211; Telefone: (81) 3425-3963<\/li>\n<li><strong>Casa Amarela:<\/strong> Rua Padre Lemos, 500 &#8211; Telefone: (81) 3268-9235<\/li>\n<li><strong>Prado:<\/strong> Rua Carlos Gomes, 395 &#8211; Telefone: (81) 3446-3152<\/li>\n<li><strong>Gra\u00e7as:<\/strong> Rua Joaquim NAbuco, 330 &#8211; Telefone: (81) 3033-0886<\/li>\n<li><strong>Boa Viagem:<\/strong> Av. Conselheiro Aguiar, 4955 &#8211; Telefone: (81) 3465-2324<\/li>\n<\/ul>\n<\/div>\n\n<div style=\"font-size: 0px; height: 0px; line-height: 0px; margin: 0; padding: 0; clear: both;\"><\/div>","protected":false},"excerpt":{"rendered":"<p>Sua correspond\u00eancia entregue com efici\u00eancia atrav\u00e9s das ag\u00eancias dos Correios localizadas na cidade de Recife. Todas as ag\u00eancias dos Correios em Recife funcionam de Segunda a Sexta-feira das 9h \u00e0s 16 horas. J\u00e1 suas entregas ser\u00e3o feitas de acordo com a data de postagem e servi\u00e7o contratado no ato do envio. Confira abaixo a rela\u00e7\u00e3o de\u00a0Ag\u00eancias dos Correios em Recife: Hist\u00f3ria dos Correios Os Correios tiveram sua origem no Brasil em 25 de janeiro de 1663, com a cria\u00e7\u00e3o do Correio-Mor no Rio de Janeiro, embora a capital da col\u00f4nia fosse ent\u00e3o Salvador. Em 1931 o decreto 20.859, de 26 <\/p>\n","protected":false},"author":1,"featured_media":0,"parent":0,"menu_order":0,"comment_status":"closed","ping_status":"closed","template":"","meta":[],"aioseo_notices":[],"_links":{"self":[{"href":"https:\/\/www.encontrarecife.com.br\/sobre\/wp-json\/wp\/v2\/pages\/904"}],"collection":[{"href":"https:\/\/www.encontrarecife.com.br\/sobre\/wp-json\/wp\/v2\/pages"}],"about":[{"href":"https:\/\/www.encontrarecife.com.br\/sobre\/wp-json\/wp\/v2\/types\/page"}],"author":[{"embeddable":true,"href":"https:\/\/www.encontrarecife.com.br\/sobre\/wp-json\/wp\/v2\/users\/1"}],"replies":[{"embeddable":true,"href":"https:\/\/www.encontrarecife.com.br\/sobre\/wp-json\/wp\/v2\/comments?post=904"}],"version-history":[{"count":0,"href":"https:\/\/www.encontrarecife.com.br\/sobre\/wp-json\/wp\/v2\/pages\/904\/revisions"}],"wp:attachment":[{"href":"https:\/\/www.encontrarecife.com.br\/sobre\/wp-json\/wp\/v2\/media?parent=904"}],"curies":[{"name":"wp","href":"https:\/\/api.w.org\/{rel}","templated":true}]}}