{"id":895,"date":"2019-06-07T05:31:56","date_gmt":"2019-06-07T08:31:56","guid":{"rendered":"https:\/\/www.encontrarecife.com.br\/sobre\/?page_id=895"},"modified":"2019-06-27T04:32:10","modified_gmt":"2019-06-27T07:32:10","slug":"procon-recife","status":"publish","type":"page","link":"https:\/\/www.encontrarecife.com.br\/sobre\/procon-recife\/","title":{"rendered":"Procon Recife"},"content":{"rendered":"<div class=\"13f566c1641b828fb11817b18261638d\" data-index=\"1\" style=\"float: none; margin:0px;\">\n<!-- Anuncio display - global -->\r\n<ins class=\"adsbygoogle\"\r\n     style=\"display:block\"\r\n     data-ad-client=\"ca-pub-8585364105181520\"\r\n     data-ad-slot=\"8789329856\"\r\n     data-ad-format=\"auto\"\r\n     data-full-width-responsive=\"true\"><\/ins>\r\n<script>\r\n     (adsbygoogle = window.adsbygoogle || []).push({});\r\n<\/script>\n<\/div>\n<p>Procon \u00e9 um \u00f3rg\u00e3o administrativo de prote\u00e7\u00e3o e defesa do consumidor que atua no \u00e2mbito nacional, ou seja, em todo territ\u00f3rio brasileiro.<\/p>\n<p>Possui uma sede situada em S\u00e3o Paulo (PROCON-SP) que \u00e9 vinculada ao governo do estado onde as prefeituras que desejam ter o PROCON local faz um\u00a0conv\u00eanio para atuar no \u00e2mbito do munic\u00edpio ao qual est\u00e1 vinculado. Como \u00e9 o caso da cidade de\u00a0S\u00e3o Luis que possui uma unidade de atendimento para o aos consumidores em geral. Conhe\u00e7a o\u00a0<strong>Procon Recife.<\/strong><\/p>\n<p><img decoding=\"async\" loading=\"lazy\" class=\"alignnone wp-image-896 size-full\" title=\"Procon Recife\" src=\"https:\/\/www.encontrarecife.com.br\/sobre\/wp-content\/uploads\/procon-recife.gif\" alt=\"Procon Recife\" width=\"680\" height=\"189\" \/><\/p>\n<p>O Procon tem a miss\u00e3o de:<\/p>\n<ul>\n<li>Manter a harmonia nas rela\u00e7\u00f5es de consumo;<\/li>\n<li>Defender os consumidores de poss\u00edveis danos causados ou oriundos das rela\u00e7\u00f5es de consumo;<\/li>\n<li>Registrar reclama\u00e7\u00f5es de consumidores;<\/li>\n<li>Educar e orientar sobre o consumo adequado de produtos e servi\u00e7os;<\/li>\n<li>Fornecer informa\u00e7\u00f5es aos consumidores sobre os seus direitos e deveres;<\/li>\n<li>Proteger o consumidor e garantir justi\u00e7a na efetiva\u00e7\u00e3o de seus direitos.<\/li>\n<\/ul>\n<h2>Procon Recife Registro de Reclama\u00e7\u00e3o<\/h2>\n<p>\u00c9 de suma import\u00e2ncia que o consumidor apresente o cupom fiscal ou nota fiscal que comprove a aquisi\u00e7\u00e3o legal do bem ou servi\u00e7o\u00a0para que possa fazer o\u00a0<em>registro de reclama\u00e7\u00e3o<\/em>\u00a0no Procon.<\/p>\n<p>\u00c9 de extrema import\u00e2ncia documentar-se de protocolos e anota\u00e7\u00f5es de todas as formas de contato com informa\u00e7\u00f5es detalhadas, tais como:<\/p>\n<ul>\n<li>N\u00famero de telefone qual tentou ou efetuou contato<\/li>\n<li>N\u00famero de protocolo de atendimento<\/li>\n<li>Nome da pessoa qual recebeu seu contato na empresa<\/li>\n<li>Hor\u00e1rio exato e tamb\u00e9m dura\u00e7\u00e3o do contato<\/li>\n<li>E-mails enviados a empresa<\/li>\n<\/ul>\n<p>Em caso de produtos com altera\u00e7\u00e3o, v\u00edcio ou dano \u00e9 necess\u00e1rio que se fa\u00e7a a apresenta\u00e7\u00e3o do (s) mesmo (s), visto que na embalagem h\u00e1 informa\u00e7\u00f5es sobre o fornecedor e data de validade de lote do item.<\/p>\n<p>Em casos de assuntos financeiros onde haja alguma pend\u00eancia por parte do consumidor e ele n\u00e3o consiga contato com a empresa credora para a negocia\u00e7\u00e3o da d\u00edvida o Procon da cidade de Fortaleza tamb\u00e9m pode intervir.<\/p>\n<h3>Hor\u00e1rio de Funcionamento\u00a0Procon em Recife<\/h3>\n<ul>\n<li>Segunda a Sexta das 08h \u00e0s 17h<\/li>\n<\/ul>\n<h3>Endere\u00e7o e Telefone\u00a0Procon em Recife<\/h3>\n<ul>\n<li><strong>S\u00e3o Jos\u00e9:<\/strong> Rua Marques do Herval, 141 &#8211; Telefone: (81) 3181-7000<\/li>\n<li><strong>Boa Vista:<\/strong> Rua Carlos Porto Carreiro, 140 &#8211; Telefone: 0800 281 1311<\/li>\n<li><strong>Aeroporto:<\/strong> Pra\u00e7a Ministro Salgado Filho, s\/n &#8211; Telefone: (81) 3181-7049<\/li>\n<li><strong><a href=\"https:\/\/www.procons.com.br\/procon-da-fasne-recife-telefone-endereco-e-informacoes\/\" target=\"_blank\" rel=\"noopener noreferrer\">Facipe<\/a>:<\/strong> Av. Lins Petiti, 89 &#8211; Telefone: (81) 3223-9009<\/li>\n<li><strong>Farec\/Ipesu:<\/strong> Rua Carlos Porto Carreiro, 98 &#8211; Telefone: (81) 3423-4880<\/li>\n<li><strong>Expresso Cidad\u00e3o:<\/strong> Av. Rep\u00fablica do L\u00edbano, 251 &#8211; Telefone: 0800 281 1311<\/li>\n<li><a href=\"https:\/\/www.procons.com.br\/procon-da-sopece-recife-telefone-endereco-e-informacoes\/\" target=\"_blank\" rel=\"noopener noreferrer\"><strong>Santo Amaro<\/strong><\/a>:\u00a0\u00a0Avenida Jo\u00e3o de Barros, 561 &#8211; Telefone:\u00a0(81) 3222-6552<\/li>\n<\/ul>\n<h4>Outras informa\u00e7\u00f5es e site<\/h4>\n<ul>\n<li>Mais informa\u00e7\u00f5es:\u00a0<a href=\"https:\/\/www.procon.pe.gov.br\/\" target=\"_blank\" rel=\"noopener noreferrer\">www.procon.pe.gov.br<\/a><\/li>\n<li>Mais informa\u00e7\u00f5es:\u00a0<a href=\"https:\/\/www.procons.com.br\/procon-pe\/\" target=\"_blank\" rel=\"noopener noreferrer\">www.procons.com.br\/procon-pe\/<\/a><\/li>\n<\/ul>\n<h4>Mapa de localiza\u00e7\u00e3o S\u00e3o Jos\u00e9<\/h4>\n<a class=\"wp-colorbox-iframe\" href=\"https:\/\/www.google.com\/maps\/embed?pb=!1m18!1m12!1m3!1d3950.3449660378005!2d-34.88387478522022!3d-8.066252194192224!2m3!1f0!2f0!3f0!3m2!1i1024!2i768!4f13.1!3m3!1m2!1s0x7ab18b82af6ac910x4fab9c954f7ade19!2sR.+Marqus+do+Herval+141+-+So+Jos+Recife+-+PE+50020-030!5e0!3m2!1spt-BR!2sbr!4v1559895988546!5m2!1spt-BR!2sbr\"><img src=\"http:\/\/www.encontrarecife.com.br\/imgs\/maps-post.png\"><\/a>\n\n<div style=\"font-size: 0px; height: 0px; line-height: 0px; margin: 0; padding: 0; clear: both;\"><\/div>","protected":false},"excerpt":{"rendered":"<p>Procon \u00e9 um \u00f3rg\u00e3o administrativo de prote\u00e7\u00e3o e defesa do consumidor que atua no \u00e2mbito nacional, ou seja, em todo territ\u00f3rio brasileiro. Possui uma sede situada em S\u00e3o Paulo (PROCON-SP) que \u00e9 vinculada ao governo do estado onde as prefeituras que desejam ter o PROCON local faz um\u00a0conv\u00eanio para atuar no \u00e2mbito do munic\u00edpio ao qual est\u00e1 vinculado. Como \u00e9 o caso da cidade de\u00a0S\u00e3o Luis que possui uma unidade de atendimento para o aos consumidores em geral. Conhe\u00e7a o\u00a0Procon Recife. O Procon tem a miss\u00e3o de: Manter a harmonia nas rela\u00e7\u00f5es de consumo; Defender os consumidores de poss\u00edveis danos <\/p>\n","protected":false},"author":1,"featured_media":0,"parent":0,"menu_order":0,"comment_status":"closed","ping_status":"closed","template":"","meta":[],"aioseo_notices":[],"_links":{"self":[{"href":"https:\/\/www.encontrarecife.com.br\/sobre\/wp-json\/wp\/v2\/pages\/895"}],"collection":[{"href":"https:\/\/www.encontrarecife.com.br\/sobre\/wp-json\/wp\/v2\/pages"}],"about":[{"href":"https:\/\/www.encontrarecife.com.br\/sobre\/wp-json\/wp\/v2\/types\/page"}],"author":[{"embeddable":true,"href":"https:\/\/www.encontrarecife.com.br\/sobre\/wp-json\/wp\/v2\/users\/1"}],"replies":[{"embeddable":true,"href":"https:\/\/www.encontrarecife.com.br\/sobre\/wp-json\/wp\/v2\/comments?post=895"}],"version-history":[{"count":0,"href":"https:\/\/www.encontrarecife.com.br\/sobre\/wp-json\/wp\/v2\/pages\/895\/revisions"}],"wp:attachment":[{"href":"https:\/\/www.encontrarecife.com.br\/sobre\/wp-json\/wp\/v2\/media?parent=895"}],"curies":[{"name":"wp","href":"https:\/\/api.w.org\/{rel}","templated":true}]}}