{"id":858,"date":"2019-05-16T13:01:55","date_gmt":"2019-05-16T16:01:55","guid":{"rendered":"https:\/\/www.encontrarecife.com.br\/sobre\/?page_id=858"},"modified":"2019-05-16T13:03:30","modified_gmt":"2019-05-16T16:03:30","slug":"senac-recife","status":"publish","type":"page","link":"https:\/\/www.encontrarecife.com.br\/sobre\/senac-recife\/","title":{"rendered":"Senac Recife"},"content":{"rendered":"<div class=\"13f566c1641b828fb11817b18261638d\" data-index=\"1\" style=\"float: none; margin:0px;\">\n<!-- Anuncio display - global -->\r\n<ins class=\"adsbygoogle\"\r\n     style=\"display:block\"\r\n     data-ad-client=\"ca-pub-8585364105181520\"\r\n     data-ad-slot=\"8789329856\"\r\n     data-ad-format=\"auto\"\r\n     data-full-width-responsive=\"true\"><\/ins>\r\n<script>\r\n     (adsbygoogle = window.adsbygoogle || []).push({});\r\n<\/script>\n<\/div>\n<p>O <strong>Senac\u00a0Recife<\/strong> contribui com a forma\u00e7\u00e3o profissional de milhares de brasileiros, oferecendo cursos de Forma\u00e7\u00e3o Inicial e Continuada, Educa\u00e7\u00e3o Profissional T\u00e9cnica de N\u00edvel M\u00e9dio, de N\u00edvel Superior, al\u00e9m de a\u00e7\u00f5es extensivas, como workshops, congressos e palestras.<\/p>\n<p>A institui\u00e7\u00e3o foi criada em 10 de janeiro de 1946 pelo Decreto-lei n\u00ba 8.621. Neste mesmo ano, em 14 de outubro, chegaria a Pernambuco com a funda\u00e7\u00e3o do Conselho Regional do Senac no Nordeste Oriental.<\/p>\n<p><img decoding=\"async\" loading=\"lazy\" class=\"alignnone wp-image-859 size-full\" title=\"Senac Recife\" src=\"https:\/\/www.encontrarecife.com.br\/sobre\/wp-content\/uploads\/senac-recifee.gif\" alt=\"Senac Recife\" width=\"680\" height=\"189\" \/><\/p>\n<p>Em quase sete d\u00e9cadas dedicadas \u00e0 educa\u00e7\u00e3o, o Senac tem orgulho de ter atendido a popula\u00e7\u00e3o goiana em diversas modalidades de cursos livres, t\u00e9cnicos, de extens\u00e3o, de gradua\u00e7\u00e3o e p\u00f3s-gradua\u00e7\u00e3o presencial e a dist\u00e2ncia.<\/p>\n<p>O Senac desenvolve tamb\u00e9m atendimento espec\u00edfico para empresas, o Atendimento Corporativo, com palestras, semin\u00e1rios, workshops, oficinas customizadas, conforme a necessidade e particularidade de cada organiza\u00e7\u00e3o.<\/p>\n<h2>Cursos Senac Recife<\/h2>\n<p>O Senac preparou mais de 40 milh\u00f5es de pessoas para o setor de Com\u00e9rcio e Servi\u00e7os, contribuindo para a valoriza\u00e7\u00e3o do trabalhador, por meio de sua capacita\u00e7\u00e3o profissional com uma vasta op\u00e7\u00e3o de cursos em doze \u00e1reas de forma\u00e7\u00e3o, incluindo cursos de idiomas.<\/p>\n<p>O Senac\u00a0Recife Oferece\u00a0<em>cursos<\/em>\u00a0na \u00e1rea de beleza, sa\u00fade, inform\u00e1tica, idiomas e restaurante escola.<\/p>\n<h3>Senac Recife Cursos Gratuitos<\/h3>\n<p>Por meio do\u00a0<em>Programa Senac de Gratuidade (PSG)<\/em>\u00a0voc\u00ea tem acesso a diversos cursos a dist\u00e2ncia para ganhar novos conhecimentos e conquistar mais espa\u00e7o no mercado de trabalho. O PSG destina-se a pessoas com renda familiar mensal per capita que n\u00e3o ultrapasse 2 sal\u00e1rios m\u00ednimos federais.<\/p>\n<p>Antes de efetuar a inscri\u00e7\u00e3o, o candidato dever\u00e1 tomar conhecimento das informa\u00e7\u00f5es dispon\u00edveis na guia \u201cPr\u00e9-requisitos\u201d de cada curso e certificar-se de que atende a todos os crit\u00e9rios exigidos. As vagas est\u00e3o sujeitas \u00e0 disponibilidade nos estados.<\/p>\n<h3>Vagas Senac Recife \u2013 Trabalhe Conosco<\/h3>\n<p>Voc\u00ea pode se candidatar a uma vaga de trabalho no Senac\u00a0Recife acessando o Banco de Talentos da institui\u00e7\u00e3o.<\/p>\n<h3>Hor\u00e1rio de Funcionamento\u00a0Senac em Recife<\/h3>\n<ul>\n<li>Segunda a Sexta das 07h30 \u00e0s 21h e S\u00e1bado das 08h \u00e0s 13h<\/li>\n<\/ul>\n<h3>Endere\u00e7o e Telefone\u00a0Senac em Recife<\/h3>\n<ul>\n<li><strong>Unidade de Educa\u00e7\u00e3o Profissional Suassuna:<\/strong> Av. Visconde de Suassuna, 500 &#8211; Telefone: (81) 3413-6723<\/li>\n<li><strong>Unidade de Tecnologia da Informa\u00e7\u00e3o e Comunica\u00e7\u00e3o:<\/strong> Av. Jo\u00e3o de Barros, 1593 &#8211; Telefone: (81) 3134-8121<\/li>\n<li><strong>Unidade de Educa\u00e7\u00e3o Profissional Centro:<\/strong> Pra\u00e7a da Independ\u00eancia, 29 &#8211; Telefone: (81) 3134-6550<\/li>\n<li><strong>Unidade de Hotelaria e Turismo:<\/strong> Av. Visconde de Suassuna, 500 &#8211; Telefone: (81) 3413-6728<\/li>\n<li><strong>Unidade de Idiomas:<\/strong> Av. Visconde de Suassuna, 500 &#8211; Telefone: (81) 3413-6716<\/li>\n<li><strong>Unidade de Imagem Pessoal:<\/strong> Av. Visconde de Suassuna, 440 &#8211; Telefone: (81) 3413-6686<\/li>\n<li><strong>Faculdade Senac:<\/strong> Rua Marqu\u00eas do Pombal, 57 &#8211; Telefone: 0800 281 6756<\/li>\n<\/ul>\n<h4>Outras informa\u00e7\u00f5es e site<\/h4>\n<ul>\n<li>Mais informa\u00e7\u00f5es:\u00a0<a href=\"http:\/\/www.pe.senac.br\/\" target=\"_blank\" rel=\"noopener noreferrer\">www.pe.senac.br<\/a><\/li>\n<li>CNPJ: 03.485.324\/0001-55<\/li>\n<\/ul>\n<h4>Mapa de localiza\u00e7\u00e3o Suassuna<\/h4>\n<a class=\"wp-colorbox-iframe\" href=\"https:\/\/www.google.com\/maps\/embed?pb=!1m18!1m12!1m3!1d3950.479807936684!2d-34.888097585220194!3d-8.052440394201932!2m3!1f0!2f0!3f0!3m2!1i1024!2i768!4f13.1!3m3!1m2!1s0x7ab18eb42bc20710x7e8d763cc59eb411!2sAv.+Visc.+de+Suassuna+500+-+Santo+Amaro+Recife+-+PE+50050-540!5e0!3m2!1spt-BR!2sbr!4v1558022258115!5m2!1spt-BR!2sbr\"><img src=\"http:\/\/www.encontrarecife.com.br\/imgs\/maps-post.png\"><\/a>\n\n<div style=\"font-size: 0px; height: 0px; line-height: 0px; margin: 0; padding: 0; clear: both;\"><\/div>","protected":false},"excerpt":{"rendered":"<p>O Senac\u00a0Recife contribui com a forma\u00e7\u00e3o profissional de milhares de brasileiros, oferecendo cursos de Forma\u00e7\u00e3o Inicial e Continuada, Educa\u00e7\u00e3o Profissional T\u00e9cnica de N\u00edvel M\u00e9dio, de N\u00edvel Superior, al\u00e9m de a\u00e7\u00f5es extensivas, como workshops, congressos e palestras. A institui\u00e7\u00e3o foi criada em 10 de janeiro de 1946 pelo Decreto-lei n\u00ba 8.621. Neste mesmo ano, em 14 de outubro, chegaria a Pernambuco com a funda\u00e7\u00e3o do Conselho Regional do Senac no Nordeste Oriental. Em quase sete d\u00e9cadas dedicadas \u00e0 educa\u00e7\u00e3o, o Senac tem orgulho de ter atendido a popula\u00e7\u00e3o goiana em diversas modalidades de cursos livres, t\u00e9cnicos, de extens\u00e3o, de gradua\u00e7\u00e3o e <\/p>\n","protected":false},"author":1,"featured_media":0,"parent":0,"menu_order":0,"comment_status":"closed","ping_status":"closed","template":"","meta":[],"aioseo_notices":[],"_links":{"self":[{"href":"https:\/\/www.encontrarecife.com.br\/sobre\/wp-json\/wp\/v2\/pages\/858"}],"collection":[{"href":"https:\/\/www.encontrarecife.com.br\/sobre\/wp-json\/wp\/v2\/pages"}],"about":[{"href":"https:\/\/www.encontrarecife.com.br\/sobre\/wp-json\/wp\/v2\/types\/page"}],"author":[{"embeddable":true,"href":"https:\/\/www.encontrarecife.com.br\/sobre\/wp-json\/wp\/v2\/users\/1"}],"replies":[{"embeddable":true,"href":"https:\/\/www.encontrarecife.com.br\/sobre\/wp-json\/wp\/v2\/comments?post=858"}],"version-history":[{"count":0,"href":"https:\/\/www.encontrarecife.com.br\/sobre\/wp-json\/wp\/v2\/pages\/858\/revisions"}],"wp:attachment":[{"href":"https:\/\/www.encontrarecife.com.br\/sobre\/wp-json\/wp\/v2\/media?parent=858"}],"curies":[{"name":"wp","href":"https:\/\/api.w.org\/{rel}","templated":true}]}}