{"id":855,"date":"2019-05-16T06:18:30","date_gmt":"2019-05-16T09:18:30","guid":{"rendered":"https:\/\/www.encontrarecife.com.br\/sobre\/?page_id=855"},"modified":"2019-05-16T14:05:43","modified_gmt":"2019-05-16T17:05:43","slug":"ifpe-recife","status":"publish","type":"page","link":"https:\/\/www.encontrarecife.com.br\/sobre\/ifpe-recife\/","title":{"rendered":"IFPE Recife"},"content":{"rendered":"<div class=\"13f566c1641b828fb11817b18261638d\" data-index=\"1\" style=\"float: none; margin:0px;\">\n<!-- Anuncio display - global -->\r\n<ins class=\"adsbygoogle\"\r\n     style=\"display:block\"\r\n     data-ad-client=\"ca-pub-8585364105181520\"\r\n     data-ad-slot=\"8789329856\"\r\n     data-ad-format=\"auto\"\r\n     data-full-width-responsive=\"true\"><\/ins>\r\n<script>\r\n     (adsbygoogle = window.adsbygoogle || []).push({});\r\n<\/script>\n<\/div>\n<p>O\u00a0<strong>IFPE Recife<\/strong>\u00a0&#8211; Instituto Federal de Educa\u00e7\u00e3o, Ci\u00eancia e Tecnologia de Pernambuco &#8211; \u00e9 uma institui\u00e7\u00e3o de ensino brasileira, criada de acordo mediante integra\u00e7\u00e3o do Centro Federal de Educa\u00e7\u00e3o Tecnol\u00f3gica de Pernambuco, da Escola Agrot\u00e9cnica Federal de Barreiros, Escola Agrot\u00e9cnica Federal de Belo Jardim e Escola Agrot\u00e9cnica Federal de Vit\u00f3ria de Santo Ant\u00e3o.<\/p>\n<p>Com 16 campi distribu\u00eddos do litoral ao sert\u00e3o de Pernambuco, mais uma ampla rede de Educa\u00e7\u00e3o a Dist\u00e2ncia, formada por 17 polos, o IFPE alia seu vi\u00e9s profissionalizante de origem, voltado a atender \u00e0s demandas do mercado produtivo e da ind\u00fastria, ao desenvolvimento do saber cient\u00edfico e \u00e0 uma forma\u00e7\u00e3o human\u00edstica.<\/p>\n<p><img decoding=\"async\" loading=\"lazy\" class=\"alignnone wp-image-854 size-full\" title=\"IFPE Recife\" src=\"https:\/\/www.encontrarecife.com.br\/sobre\/wp-content\/uploads\/ifpe-recife.gif\" alt=\"IFPE Recife\" width=\"680\" height=\"189\" \/><\/p>\n<p>Mais do que profissionais, formam-se cidad\u00e3os, cientistas, indiv\u00edduos aptos n\u00e3o s\u00f3 a integrar com excel\u00eancia a cadeia produtiva, mas a transform\u00e1-la, contribuindo para impulsionar o desenvolvimento socioecon\u00f4mico da regi\u00e3o a sua volta.<\/p>\n<h2>IFPE\u00a0Recife\u00a0Hist\u00f3ria<\/h2>\n<p>Inaugurado em 23 de setembro de 1909, o Instituto Federal de Pernambuco (IFPE) \u00e9 o mais antigo do Brasil, com 108 anos de exist\u00eancia. Antes funcionava no bairro do Derby, no Recife, onde hoje se encontram a Funda\u00e7\u00e3o Joaquim Nabuco e o Col\u00e9gio da Pol\u00edcia Militar de Pernambuco (CPM-PE).<\/p>\n<p>O IFPE j\u00e1 teve v\u00e1rias denomina\u00e7\u00f5es, entre elas destacam-se Escola de Artif\u00edcies do Recife, Liceu Industrial, Escola T\u00e9cnica do Recife e Escola T\u00e9cnica Federal de Pernambuco. Na d\u00e9cada de 1990 recebeu a denomina\u00e7\u00e3o de Centro Federal de Educa\u00e7\u00e3o Tecnol\u00f3gica de Pernambuco (Cefet-PE), deixando de se chamar Escola T\u00e9cnica Federal de Pernambuco (ETFPE). S\u00f3 em 2009 foi que passou a se configurar como instituto, estando no mesmo patamar que classifica as universidades.<\/p>\n<p>O IFPE \u00e9 um dos maiores IF do pa\u00eds, o quarto em \u00e1rea constru\u00edda. O Instituto foi respons\u00e1vel por diversas inova\u00e7\u00f5es tecnol\u00f3gicas como, por exemplo, o Identificador de Chamadas. Foi no IFPE que surgiu o primeiro curso de Seguran\u00e7a do Trabalho do pa\u00eds. Pioneiro na \u00e1rea, inovou ao aplicar em todos perfis curriculares da institui\u00e7\u00e3o a disciplina de Higiene e Seguran\u00e7a do Trabalho.<\/p>\n<p>O Vestibular do IFPE \u00e9 o mais concorrido do Brasil, entre os IF. Os cursos mais concorridos s\u00e3o Qu\u00edmica Industrial, Seguran\u00e7a do Trabalho (t\u00e9cnicos), Design Gr\u00e1fico e Engenharia de Produ\u00e7\u00e3o Civil (superiores). Hoje, a escola t\u00e9cnica integrada ao Ensino M\u00e9dio possui cota, apesar de se tratar de uma institui\u00e7\u00e3o p\u00fablica federal, onde o seu n\u00edvel de ensino \u00e9 superior comparado com os de outros col\u00e9gios do mesmo estado, cerca de 50% das vagas \u00e9 destinados \u00e0 alunos cotistas.<\/p>\n<p>Em 2015 sediou o F\u00f3rum Mundial de Educa\u00e7\u00e3o Profissional e Tecnol\u00f3gica, evento que ocorreu em maio no Centro de Conven\u00e7\u00f5es de Pernambuco. Em dezembro de 2016 no encerramento do XI Congresso Norte Nordeste de Pesquisa e Inova\u00e7\u00e3o em Macei\u00f3\/AL foi anunciado que o IFPE sediar\u00e1 o evento em 2018, o CONNEPI \u00e9 considerado o maior evento da Rede Federal de Educa\u00e7\u00e3o Profissional e Tecnol\u00f3gica<\/p>\n<h3>IFPE\u00a0Recife Cursos<\/h3>\n<p>O IFPE Recife oferece os seguintes<em>\u00a0cursos:<br \/>\n<\/em><\/p>\n<p><strong>Cursos Integrados<\/strong><\/p>\n<ul>\n<li>Edifica\u00e7\u00f5es<\/li>\n<li>Eletr\u00f4nica<\/li>\n<li>Eletrot\u00e9cnica<\/li>\n<li>Mec\u00e2nica<\/li>\n<li>Qu\u00edmica<\/li>\n<li>Saneamento<\/li>\n<li>Seguran\u00e7a do Trabalho<\/li>\n<\/ul>\n<p><strong>Gradua\u00e7\u00e3o<\/strong><\/p>\n<ul>\n<li>Engenharia Civil<\/li>\n<li>Engenharia Mec\u00e2nica<\/li>\n<li>Geografia<\/li>\n<li>Tecn\u00f3logos<\/li>\n<li>An\u00e1lise e Desenvolvimento de Sistemas<\/li>\n<li>Design Gr\u00e1fico<\/li>\n<li>Gest\u00e3o Ambiental<\/li>\n<li>Gest\u00e3o de Turismo<\/li>\n<li>Radiologia<\/li>\n<\/ul>\n<p><strong>Mestrado<\/strong><\/p>\n<ul>\n<li>Gest\u00e3o Ambiental<\/li>\n<\/ul>\n<h3>IFPE\u00a0Recife\u00a0Inscri\u00e7\u00f5es<\/h3>\n<p>Fique atento ao site para n\u00e3o perder a data de<em>\u00a0inscri\u00e7\u00e3o\u00a0<\/em>para as provas do IFPE<\/p>\n<h3>Hor\u00e1rio de Funcionamento\u00a0IFPE em Recife<\/h3>\n<ul>\n<li>Segunda a Sexta das 08h \u00e0s 19h30<\/li>\n<\/ul>\n<h3>Endere\u00e7o e Telefone\u00a0IFPE\u00a0em Recife<\/h3>\n<ul>\n<li>Av. Prof. Lu\u00eds Freire, 500 &#8211; Cidade Universit\u00e1ria &#8211; Recife &#8211; PE<\/li>\n<li>Telefone: (81) 2125-1600<\/li>\n<\/ul>\n<h4>Outras informa\u00e7\u00f5es e site<\/h4>\n<ul>\n<li>Mais informa\u00e7\u00f5es:\u00a0<a href=\"https:\/\/portal.ifpe.edu.br\/\" target=\"_blank\" rel=\"noopener noreferrer\">www.portal.ifpe.edu.br<\/a><\/li>\n<\/ul>\n<h4>Mapa de localiza\u00e7\u00e3o<\/h4>\n<a class=\"wp-colorbox-iframe\" href=\"https:\/\/www.google.com\/maps\/embed?pb=!1m14!1m8!1m3!1d15801.641086739464!2d-34.9505251!3d-8.0595659!3m2!1i1024!2i768!4f13.1!3m3!1m2!1s0x00xead0a588b03786f1!2sInstituto+Federal+de+Pernambuco+-+Campus+Recife!5e0!3m2!1spt-BR!2sbr!4v1557997989454!5m2!1spt-BR!2sbr\"><img src=\"http:\/\/www.encontrarecife.com.br\/imgs\/maps-post.png\"><\/a>\n\n<div style=\"font-size: 0px; height: 0px; line-height: 0px; margin: 0; padding: 0; clear: both;\"><\/div>","protected":false},"excerpt":{"rendered":"<p>O\u00a0IFPE Recife\u00a0&#8211; Instituto Federal de Educa\u00e7\u00e3o, Ci\u00eancia e Tecnologia de Pernambuco &#8211; \u00e9 uma institui\u00e7\u00e3o de ensino brasileira, criada de acordo mediante integra\u00e7\u00e3o do Centro Federal de Educa\u00e7\u00e3o Tecnol\u00f3gica de Pernambuco, da Escola Agrot\u00e9cnica Federal de Barreiros, Escola Agrot\u00e9cnica Federal de Belo Jardim e Escola Agrot\u00e9cnica Federal de Vit\u00f3ria de Santo Ant\u00e3o. Com 16 campi distribu\u00eddos do litoral ao sert\u00e3o de Pernambuco, mais uma ampla rede de Educa\u00e7\u00e3o a Dist\u00e2ncia, formada por 17 polos, o IFPE alia seu vi\u00e9s profissionalizante de origem, voltado a atender \u00e0s demandas do mercado produtivo e da ind\u00fastria, ao desenvolvimento do saber cient\u00edfico e \u00e0 <\/p>\n","protected":false},"author":1,"featured_media":0,"parent":0,"menu_order":0,"comment_status":"closed","ping_status":"closed","template":"","meta":[],"aioseo_notices":[],"_links":{"self":[{"href":"https:\/\/www.encontrarecife.com.br\/sobre\/wp-json\/wp\/v2\/pages\/855"}],"collection":[{"href":"https:\/\/www.encontrarecife.com.br\/sobre\/wp-json\/wp\/v2\/pages"}],"about":[{"href":"https:\/\/www.encontrarecife.com.br\/sobre\/wp-json\/wp\/v2\/types\/page"}],"author":[{"embeddable":true,"href":"https:\/\/www.encontrarecife.com.br\/sobre\/wp-json\/wp\/v2\/users\/1"}],"replies":[{"embeddable":true,"href":"https:\/\/www.encontrarecife.com.br\/sobre\/wp-json\/wp\/v2\/comments?post=855"}],"version-history":[{"count":0,"href":"https:\/\/www.encontrarecife.com.br\/sobre\/wp-json\/wp\/v2\/pages\/855\/revisions"}],"wp:attachment":[{"href":"https:\/\/www.encontrarecife.com.br\/sobre\/wp-json\/wp\/v2\/media?parent=855"}],"curies":[{"name":"wp","href":"https:\/\/api.w.org\/{rel}","templated":true}]}}