{"id":846,"date":"2019-05-15T06:42:57","date_gmt":"2019-05-15T09:42:57","guid":{"rendered":"https:\/\/www.encontrarecife.com.br\/sobre\/?page_id=846"},"modified":"2019-05-15T06:43:38","modified_gmt":"2019-05-15T09:43:38","slug":"riomar-recife","status":"publish","type":"page","link":"https:\/\/www.encontrarecife.com.br\/sobre\/riomar-recife\/","title":{"rendered":"RioMar Recife"},"content":{"rendered":"<div class=\"13f566c1641b828fb11817b18261638d\" data-index=\"1\" style=\"float: none; margin:0px;\">\n<!-- Anuncio display - global -->\r\n<ins class=\"adsbygoogle\"\r\n     style=\"display:block\"\r\n     data-ad-client=\"ca-pub-8585364105181520\"\r\n     data-ad-slot=\"8789329856\"\r\n     data-ad-format=\"auto\"\r\n     data-full-width-responsive=\"true\"><\/ins>\r\n<script>\r\n     (adsbygoogle = window.adsbygoogle || []).push({});\r\n<\/script>\n<\/div>\n<p>Estrategicamente localizado entre as zonas norte e sul do Recife, o Shopping <strong>RioMar Recife<\/strong> tornou-se refer\u00eancia regional e nacional pelo seu projeto inovador, arrojado e com design sustent\u00e1vel oferece ao p\u00fablico a oportunidade de desfrutar de um equipamento completo, de alta qualidade e de uma prazerosa e diferenciada experi\u00eancia de consumo.<\/p>\n<p>O RioMar destaca-se em beleza e conforto e tem seguramente contribu\u00eddo com o crescimento urbano, aprimorando o com\u00e9rcio e gerando cerca de oito mil empregos.<\/p>\n<p><img decoding=\"async\" loading=\"lazy\" class=\"alignnone wp-image-847 size-full\" title=\"RioMar Recife\" src=\"https:\/\/www.encontrarecife.com.br\/sobre\/wp-content\/uploads\/riomar-recife.gif\" alt=\"RioMar Recife\" width=\"680\" height=\"189\" \/><\/p>\n<h2>RioMar\u00a0Recife\u00a0Lojas<\/h2>\n<p>No mix, mais de 380 lojas, sendo 17 \u00e2ncoras e 15 megalojas. Grandes marcas, grifes desejadas e opera\u00e7\u00f5es exclusivas.<\/p>\n<h3>RioMar\u00a0Recife\u00a0Cinema<\/h3>\n<p>O\u00a0<strong>Cinemark\u00a0RioMar Recife\u00a0<\/strong>conta\u00a0com sess\u00f5es sempre lotadas, lan\u00e7amentos nacionais e internacionais, al\u00e9m de conte\u00fados exclusivos. Trouxe \u00e0 cidade o conceito VIP de cinema, com card\u00e1pio exclusivo e atendimento diferenciado, desde a bilheteria at\u00e9 o servi\u00e7o de Snack Bar.\u00a0O sucesso da Cinemark est\u00e1 ligado \u00e0 experi\u00eancia vivida pelo p\u00fablico, o\u00a0prop\u00f3sito da empresa \u00e9 oferecer uma experi\u00eancia inesquec\u00edvel, afinal,\u00a0o DNA \u00e9 de inova\u00e7\u00e3o e tecnologia. O ano de 1984 foi o ponta p\u00e9 inicial para uma revolu\u00e7\u00e3o no cinema. Sempre acreditou que a experi\u00eancia do filme ultrapassa as telas e que entretenimento \u00e9 mais que um filme, um filme \u00e9 mais que uma sala, e uma sala \u00e9 mais que tecnologia.<em><br \/>\n<\/em><\/p>\n<h3>RioMar\u00a0Recife\u00a0Teatro<\/h3>\n<p>O <em>Teatro RioMar<\/em> Recife \u00e9 um empreendimento cultural, resultado da parceria entre a produtora Opus Promo\u00e7\u00f5es e o Grupo JCPM. Localizado no RioMar Shopping, o espa\u00e7o surge como op\u00e7\u00e3o de entretenimento para os pernambucanos, com conforto e seguran\u00e7a para eventos sociais, corporativos e culturais.<\/p>\n<p>O teatro conta com mais de 2.800 m\u00b2 e capacidade para 696 espectadores, distribu\u00eddos em plateia baixa, plateia alta e balc\u00e3o nobre. A caixa c\u00eanica \u00e9 composta por um palco de 230 m\u00b2 e \u00e9 feito com madeira nobre. Todo o projeto conta com materiais de alta qualidade e equipamentos de ponta, fazendo com que sistemas de ilumina\u00e7\u00e3o, \u00e1udio e estrutura se equiparem aos mais modernos teatros do mundo. A acessibilidade e visibilidade tamb\u00e9m foram cuidadosamente projetadas, sendo previstos lugares para cadeirantes, pessoas com dificuldade de locomo\u00e7\u00e3o e pessoas obesas.<\/p>\n<p>Consulte o site para maiores informa\u00e7\u00f5es sobre os eventos realizados no teatro.<\/p>\n<h3>Vagas\u00a0RioMar Recife &#8211; Trabalhe Conosco<\/h3>\n<p>O Shopping RioMar Recife disponibiliza vagas de trabalho durante todo ano. Para se informar sobre os processos seletivos e se candidatar as vagas acompanhe o site da empresa, onde \u00e9 poss\u00edvel se informar sobre vagas abertas, sal\u00e1rios e compet\u00eancias necess\u00e1rias para se candidatar ao processo.<\/p>\n<h3>Hor\u00e1rio de Funcionamento\u00a0RioMar em Recife<\/h3>\n<ul>\n<li>Segunda a S\u00e1bado das 09h \u00e0s 22h \/ Domingo das 12h \u00e1s 20h<\/li>\n<\/ul>\n<h3>Endere\u00e7o e Telefone\u00a0RioMar em Recife<\/h3>\n<ul>\n<li>Av. Rep\u00fablica do L\u00edbano, 251 &#8211; Pina &#8211; Recife -PE<\/li>\n<li>Telefone: (81) 3878-0000<\/li>\n<\/ul>\n<h4>Outras informa\u00e7\u00f5es e site<\/h4>\n<ul>\n<li>Mais informa\u00e7\u00f5es:\u00a0<a href=\"https:\/\/vivariomarrecife.com.br\/\" target=\"_blank\" rel=\"noopener noreferrer\">www.vivariomarrecife.com.br<\/a><\/li>\n<\/ul>\n<h4>Mapa de localiza\u00e7\u00e3o<\/h4>\n<a class=\"wp-colorbox-iframe\" href=\"https:\/\/www.google.com\/maps\/embed?pb=!1m18!1m12!1m3!1d3950.144319140179!2d-34.89514738521985!3d-8.086760994177876!2m3!1f0!2f0!3f0!3m2!1i1024!2i768!4f13.1!3m3!1m2!1s0x7ab1f3bf30ee0b30x402d5771fb873339!2sAv.+Repblica+do+Lbano+251+-+Pina+Recife+-+PE+51110-131!5e0!3m2!1spt-BR!2sbr!4v1557913191469!5m2!1spt-BR!2sbr\"><img src=\"http:\/\/www.encontrarecife.com.br\/imgs\/maps-post.png\"><\/a>\n\n<div style=\"font-size: 0px; height: 0px; line-height: 0px; margin: 0; padding: 0; clear: both;\"><\/div>","protected":false},"excerpt":{"rendered":"<p>Estrategicamente localizado entre as zonas norte e sul do Recife, o Shopping RioMar Recife tornou-se refer\u00eancia regional e nacional pelo seu projeto inovador, arrojado e com design sustent\u00e1vel oferece ao p\u00fablico a oportunidade de desfrutar de um equipamento completo, de alta qualidade e de uma prazerosa e diferenciada experi\u00eancia de consumo. O RioMar destaca-se em beleza e conforto e tem seguramente contribu\u00eddo com o crescimento urbano, aprimorando o com\u00e9rcio e gerando cerca de oito mil empregos. RioMar\u00a0Recife\u00a0Lojas No mix, mais de 380 lojas, sendo 17 \u00e2ncoras e 15 megalojas. Grandes marcas, grifes desejadas e opera\u00e7\u00f5es exclusivas. RioMar\u00a0Recife\u00a0Cinema O\u00a0Cinemark\u00a0RioMar Recife\u00a0conta\u00a0com sess\u00f5es <\/p>\n","protected":false},"author":1,"featured_media":0,"parent":0,"menu_order":0,"comment_status":"closed","ping_status":"closed","template":"","meta":[],"aioseo_notices":[],"_links":{"self":[{"href":"https:\/\/www.encontrarecife.com.br\/sobre\/wp-json\/wp\/v2\/pages\/846"}],"collection":[{"href":"https:\/\/www.encontrarecife.com.br\/sobre\/wp-json\/wp\/v2\/pages"}],"about":[{"href":"https:\/\/www.encontrarecife.com.br\/sobre\/wp-json\/wp\/v2\/types\/page"}],"author":[{"embeddable":true,"href":"https:\/\/www.encontrarecife.com.br\/sobre\/wp-json\/wp\/v2\/users\/1"}],"replies":[{"embeddable":true,"href":"https:\/\/www.encontrarecife.com.br\/sobre\/wp-json\/wp\/v2\/comments?post=846"}],"version-history":[{"count":0,"href":"https:\/\/www.encontrarecife.com.br\/sobre\/wp-json\/wp\/v2\/pages\/846\/revisions"}],"wp:attachment":[{"href":"https:\/\/www.encontrarecife.com.br\/sobre\/wp-json\/wp\/v2\/media?parent=846"}],"curies":[{"name":"wp","href":"https:\/\/api.w.org\/{rel}","templated":true}]}}