{"id":839,"date":"2019-05-15T05:43:16","date_gmt":"2019-05-15T08:43:16","guid":{"rendered":"https:\/\/www.encontrarecife.com.br\/sobre\/?page_id=839"},"modified":"2019-05-15T05:44:05","modified_gmt":"2019-05-15T08:44:05","slug":"prouni-recife","status":"publish","type":"page","link":"https:\/\/www.encontrarecife.com.br\/sobre\/prouni-recife\/","title":{"rendered":"Prouni Recife"},"content":{"rendered":"<div class=\"13f566c1641b828fb11817b18261638d\" data-index=\"1\" style=\"float: none; margin:0px;\">\n<!-- Anuncio display - global -->\r\n<ins class=\"adsbygoogle\"\r\n     style=\"display:block\"\r\n     data-ad-client=\"ca-pub-8585364105181520\"\r\n     data-ad-slot=\"8789329856\"\r\n     data-ad-format=\"auto\"\r\n     data-full-width-responsive=\"true\"><\/ins>\r\n<script>\r\n     (adsbygoogle = window.adsbygoogle || []).push({});\r\n<\/script>\n<\/div>\n<p>O <strong>Prouni Recife<\/strong> \u00e9 o programa da Prefeitura da Cidade do Recife que concede bolsas de estudo universit\u00e1rias gratuitas. As bolsas s\u00e3o para cursos presenciais de gradua\u00e7\u00e3o e de cursos sequenciais de forma\u00e7\u00e3o espec\u00edfica oferecidos por institui\u00e7\u00f5es privadas de educa\u00e7\u00e3o superior situadas na cidade.<\/p>\n<p>Para se inscrever no Processo Seletivo, voc\u00ea precisa atender aos crit\u00e9rios do Prouni. Tenha em m\u00e3os toda a documenta\u00e7\u00e3o necess\u00e1ria no momento da sua inscri\u00e7\u00e3o.<\/p>\n<p><img decoding=\"async\" loading=\"lazy\" class=\"alignnone wp-image-840 size-full\" title=\"Prouni Recife\" src=\"https:\/\/www.encontrarecife.com.br\/sobre\/wp-content\/uploads\/prouni-recife.gif\" alt=\"Prouni Recife\" width=\"680\" height=\"189\" \/><\/p>\n<h2>Prouni\u00a0Recife quem pode participar<\/h2>\n<p><em>Podem participar<\/em> do PROUNI RECIFE os estudantes que atendam as condi\u00e7\u00f5es abaixo:<\/p>\n<ul>\n<li>ter cursado o ensino m\u00e9dio completo em escola da rede p\u00fablica ou em institui\u00e7\u00f5es privadas na condi\u00e7\u00e3o de bolsista integral;<\/li>\n<li>ter realizado Exame Nacional do Ensino M\u00e9dio \u2013 ENEM do ano anterior ao edital, com m\u00e9dia m\u00ednima de 450 pontos e ter obtido nota superior a zero na prova de reda\u00e7\u00e3o. Quanto maior a nota, maiores as chances de obter a bolsa;<\/li>\n<li>comprovar renda bruta familiar, per capita, de at\u00e9 02(dois) sal\u00e1rios m\u00ednimos;<\/li>\n<li>comprovar resid\u00eancia no Munic\u00edpio do Recife por, no m\u00ednimo, 03(tr\u00eas) anos, contados da data de inscri\u00e7\u00e3o no programa;<\/li>\n<li>n\u00e3o possuir diploma de n\u00edvel superior.<\/li>\n<\/ul>\n<h3>Prouni\u00a0Recife\u00a0Cursos<\/h3>\n<p><em>As Faculdades e Cursos <\/em>que fazem parte do Prouni s\u00e3o:<em><br \/>\n<\/em><\/p>\n<ul>\n<li>Faculdade Mauricio De Nassau: Ci\u00eancia da Computa\u00e7\u00e3o, CST em Est\u00e9tica e Cosm\u00e9tica, Engenharia da Computa\u00e7\u00e3o, Administra\u00e7\u00e3o, Ci\u00eancias Cont\u00e1beis, CST em Gastronomia, Direito, Educa\u00e7\u00e3o F\u00edsica, Enfermagem, Engenharia Civil, Engenharia El\u00e9trica, Farm\u00e1cia, Medicina, Odontologia\u00a0e Psicologia.<\/li>\n<li>Faculdade Est\u00e1cio do Recife:Administra\u00e7\u00e3o, An\u00e1lise e Desenvolvimento de Sistemas, Ci\u00eancias Cont\u00e1beis, Direito, Enfermagem, Engenharia Civil, Engenharia de Produ\u00e7\u00e3o, Engenharia El\u00e9trica, Engenharia Mec\u00e2nica, Farm\u00e1cia, Fisioterapia, Gest\u00e3o de Recursos Humanos, Log\u00edstica, Nutri\u00e7\u00e3o, Psicologia, Redes de Computadores, Rela\u00e7\u00f5es Internacionais, Servi\u00e7o social e\u00a0\u00a0 Sistemas de Informa\u00e7\u00f5es.<\/li>\n<li>Sopece: Administra\u00e7\u00e3o e Direito.<\/li>\n<li>Faculdade Boa Viagem:Engenharia El\u00e9trica, Engenharia Mec\u00e2nica, Nutri\u00e7\u00e3o\u00a0e Sistemas de Informa\u00e7\u00e3o.<\/li>\n<li>Facipe: Administra\u00e7\u00e3o, Direito, Enfermagem, Est\u00e9tica e Cosm\u00e9tica, Odontologia, Radiologia\u00a0e Servi\u00e7o Social.<\/li>\n<li>Faculdade Joaquim Nabuco Recife:CST em Gest\u00e3o de RH, Direito, Pedagogia\u00a0e Sistemas de Informa\u00e7\u00e3o.<\/li>\n<li>Faculdade dos Guararapes de Recife: Administra\u00e7\u00e3o, Arquitetura e Urbanismo, Ci\u00eancias Cont\u00e1beis, Engenharia Civil, Marketing.<\/li>\n<li>Faculdade Nova Roma: Direito\u00a0e Processos Gerenciais.<\/li>\n<\/ul>\n<h3>Hor\u00e1rio de Funcionamento Secretaria de Desenvolvimento Sustent\u00e1vel e Meio Ambiente em Recife<\/h3>\n<ul>\n<li>Segunda a Sexta das 08h \u00e0s 17h<\/li>\n<\/ul>\n<h3>Endere\u00e7o e Telefone\u00a0Secretaria de Desenvolvimento Sustent\u00e1vel e Meio Ambiente\u00a0em Recife<\/h3>\n<ul>\n<li>Av. Cais do Apolo, 925, T\u00e9rreo &#8211; Bairro do Recife &#8211; Recife &#8211; PE<\/li>\n<li>Telefone: (81) 3355-8759<\/li>\n<\/ul>\n<h4>Outras informa\u00e7\u00f5es e site<\/h4>\n<ul>\n<li>Mais informa\u00e7\u00f5es:\u00a0<a href=\"http:\/\/prouni.recife.pe.gov.br\/prouni\/paginas\/index.xhtml\" target=\"_blank\" rel=\"noopener noreferrer\">www.prouni.recife.pe.gov.br<\/a><\/li>\n<li>E-mail:\u00a0prouniatende@recife.pe.gov.br<\/li>\n<\/ul>\n<h4>Mapa de localiza\u00e7\u00e3o<\/h4>\n<a class=\"wp-colorbox-iframe\" href=\"https:\/\/www.google.com\/maps\/embed?pb=!1m18!1m12!1m3!1d3950.461701523474!2d-34.87461288522001!3d-8.054296394200612!2m3!1f0!2f0!3f0!3m2!1i1024!2i768!4f13.1!3m3!1m2!1s0x7ab1899c7565f810x358ca8cf5323840c!2sPrefeitura+do+Recife!5e0!3m2!1spt-BR!2sbr!4v1557909527805!5m2!1spt-BR!2sbr\"><img src=\"http:\/\/www.encontrarecife.com.br\/imgs\/maps-post.png\"><\/a>\n\n<div style=\"font-size: 0px; height: 0px; line-height: 0px; margin: 0; padding: 0; clear: both;\"><\/div>","protected":false},"excerpt":{"rendered":"<p>O Prouni Recife \u00e9 o programa da Prefeitura da Cidade do Recife que concede bolsas de estudo universit\u00e1rias gratuitas. As bolsas s\u00e3o para cursos presenciais de gradua\u00e7\u00e3o e de cursos sequenciais de forma\u00e7\u00e3o espec\u00edfica oferecidos por institui\u00e7\u00f5es privadas de educa\u00e7\u00e3o superior situadas na cidade. Para se inscrever no Processo Seletivo, voc\u00ea precisa atender aos crit\u00e9rios do Prouni. Tenha em m\u00e3os toda a documenta\u00e7\u00e3o necess\u00e1ria no momento da sua inscri\u00e7\u00e3o. Prouni\u00a0Recife quem pode participar Podem participar do PROUNI RECIFE os estudantes que atendam as condi\u00e7\u00f5es abaixo: ter cursado o ensino m\u00e9dio completo em escola da rede p\u00fablica ou em institui\u00e7\u00f5es privadas <\/p>\n","protected":false},"author":1,"featured_media":0,"parent":0,"menu_order":0,"comment_status":"closed","ping_status":"closed","template":"","meta":[],"aioseo_notices":[],"_links":{"self":[{"href":"https:\/\/www.encontrarecife.com.br\/sobre\/wp-json\/wp\/v2\/pages\/839"}],"collection":[{"href":"https:\/\/www.encontrarecife.com.br\/sobre\/wp-json\/wp\/v2\/pages"}],"about":[{"href":"https:\/\/www.encontrarecife.com.br\/sobre\/wp-json\/wp\/v2\/types\/page"}],"author":[{"embeddable":true,"href":"https:\/\/www.encontrarecife.com.br\/sobre\/wp-json\/wp\/v2\/users\/1"}],"replies":[{"embeddable":true,"href":"https:\/\/www.encontrarecife.com.br\/sobre\/wp-json\/wp\/v2\/comments?post=839"}],"version-history":[{"count":0,"href":"https:\/\/www.encontrarecife.com.br\/sobre\/wp-json\/wp\/v2\/pages\/839\/revisions"}],"wp:attachment":[{"href":"https:\/\/www.encontrarecife.com.br\/sobre\/wp-json\/wp\/v2\/media?parent=839"}],"curies":[{"name":"wp","href":"https:\/\/api.w.org\/{rel}","templated":true}]}}