{"id":821,"date":"2019-05-13T07:19:39","date_gmt":"2019-05-13T10:19:39","guid":{"rendered":"https:\/\/www.encontrarecife.com.br\/sobre\/?page_id=821"},"modified":"2019-05-13T07:21:01","modified_gmt":"2019-05-13T10:21:01","slug":"shopping-recife","status":"publish","type":"page","link":"https:\/\/www.encontrarecife.com.br\/sobre\/shopping-recife\/","title":{"rendered":"Shopping Recife"},"content":{"rendered":"<div class=\"13f566c1641b828fb11817b18261638d\" data-index=\"1\" style=\"float: none; margin:0px;\">\n<!-- Anuncio display - global -->\r\n<ins class=\"adsbygoogle\"\r\n     style=\"display:block\"\r\n     data-ad-client=\"ca-pub-8585364105181520\"\r\n     data-ad-slot=\"8789329856\"\r\n     data-ad-format=\"auto\"\r\n     data-full-width-responsive=\"true\"><\/ins>\r\n<script>\r\n     (adsbygoogle = window.adsbygoogle || []).push({});\r\n<\/script>\n<\/div>\n<p>O primeiro centro de compras de Pernambuco foi inaugurado em 7 de outubro de 1980. Com mais de 30 anos de hist\u00f3ria, o <strong>Shopping Recife<\/strong> oferece 450 lojas, 5,8 mil vagas de estacionamento e 14 salas de cinema, com capacidade para receber at\u00e9 tr\u00eas mil pessoas. Al\u00e9m disso, o empreendimento \u00e9 um grande polo gastron\u00f4mico, com cerca de 90 opera\u00e7\u00f5es de alimenta\u00e7\u00e3o.<\/p>\n<p>Um mix completo com grandes marcas, opera\u00e7\u00f5es exclusivas, variadas op\u00e7\u00f5es de entretenimento, como parques de jogos eletr\u00f4nicos e infantil, produtos e servi\u00e7os.<\/p>\n<p><img decoding=\"async\" loading=\"lazy\" class=\"alignnone wp-image-822 size-full\" title=\"Shopping Recife\" src=\"https:\/\/www.encontrarecife.com.br\/sobre\/wp-content\/uploads\/shopping-reciferecife.gif\" alt=\"Shopping Recife\" width=\"680\" height=\"189\" \/><\/p>\n<p>Com excelente localiza\u00e7\u00e3o, o centro de compras est\u00e1 a cinco minutos do Aeroporto Internacional do Recife e a quatro quadras da praia de Boa Viagem. Por dia, cerca de 65 mil pessoas vistam o mall, o equivalente a 1,95 milh\u00f5es de pessoas por m\u00eas. \u00c9 como se toda a popula\u00e7\u00e3o do Recife passasse pelo empreendimento mensalmente. N\u00fameros que o situam como um dos mais importantes equipamentos geradores de emprego da regi\u00e3o, tornando-o refer\u00eancia no setor de varejo em todo o Pa\u00eds.<\/p>\n<h2>Shopping\u00a0Recife Cinema<\/h2>\n<p>Hoje, o Kinoplex \u00e9 a maior rede de cinemas 100% brasileira. H\u00e1 100 anos leva a magia e emo\u00e7\u00e3o do cinema a todo o pa\u00eds.\u00a0O Kinoplex possui 260 salas, em 19 cidades brasileiras, equipadas com o m\u00e1ximo de tecnologia e conforto para o bem-estar dos clientes. S\u00e3o mais de 55 mil poltronas e de 1.000 funcion\u00e1rios, que trabalham com paix\u00e3o pelo cinema, respeito e total dedica\u00e7\u00e3o aos espectadores.<\/p>\n<p>O Kinoplex convida o grande p\u00fablico para conhecer essa hist\u00f3ria, que se confunde com a pr\u00f3pria hist\u00f3ria do cinema no Brasil, e compartilhar essa paix\u00e3o pela s\u00e9tima arte.<\/p>\n<h3>Shopping\u00a0Recife\u00a0Lojas<\/h3>\n<p>O Shopping possui uma grande variedade de\u00a0<em>lojas<\/em>\u00a0em todos os seguimentos que voc\u00ea precisa. Acesse o site e conhe\u00e7a todas as lojas do empreendimento.<em><br \/>\n<\/em><\/p>\n<h3>Shopping\u00a0Recife Servi\u00e7os<\/h3>\n<p>O Shopping Recife oferece os seguintes<em> servi\u00e7os:\u00a0<\/em><\/p>\n<ul>\n<li><strong>Espa\u00e7o Cliente:<\/strong> Um canal de atendimentos para esclarecer d\u00favidas sobre as lojas do Shopping Recife e receber sugest\u00f5es para a administra\u00e7\u00e3o do empreendimento. Seu espa\u00e7o de comunica\u00e7\u00e3o para que voc\u00ea tenha a melhor experi\u00eancia conosco.<\/li>\n<li><strong>Espa\u00e7o Fam\u00edlia:<\/strong> Um espa\u00e7o cuidadosamente planejado para atender aos pais e crian\u00e7as, tornando o passeio ainda mais agrad\u00e1vel. No ambiente voc\u00ea conta com frald\u00e1rio, espa\u00e7o para amamenta\u00e7\u00e3o, mini cozinha para alimenta\u00e7\u00e3o infantil e banheiro para crian\u00e7a.<\/li>\n<li><strong>Estacionamento:<\/strong> O Shopping Recife disp\u00f5e de um estacionamento exclusivo para motos localizado na \u00e1rea F. O espa\u00e7o oferece 245 vagas, conta com sistema de acesso automatizado e seguran\u00e7as eletr\u00f4nica e f\u00edsica, para o seu maior conforto e comodidade.<\/li>\n<li><strong>Estacionamento Vip:<\/strong> No Shopping Recife, voc\u00ea pode desfrutar, com conforto e comodidade, do servi\u00e7o de estacionamento VIP, com manobrista. O estacionamento VIP \u00e9 oferecido no piso D1 do edif\u00edcio-garagem D e no piso B1 do edif\u00edcio-garagem B.<\/li>\n<li><strong>Centro de Informa\u00e7\u00f5es:<\/strong> Para mais informa\u00e7\u00f5es sobre localiza\u00e7\u00e3o de lojas, eventos ou servi\u00e7os do Shopping Recife, procure o nosso Centro de Informa\u00e7\u00f5es, localizado no 2\u00ba piso, 1\u00aa Etapa.<\/li>\n<li><strong>Wi-Fi:<\/strong> Utilize a rede wi-fi gratuita e de alta velocidade para que voc\u00ea esteja sempre conectado \u00e0 internet. Para aproveitar o servi\u00e7o, basta fazer o cadastro no momento do primeiro acesso.<\/li>\n<li><strong>Achados e Perdidos:<\/strong> Perdeu ou encontrou algo? O Espa\u00e7o Cliente conta com o servi\u00e7o de Achados e Perdidos.\u00a0 Os bens encontrados ficam guardados por um per\u00edodo de tr\u00eas meses. Ap\u00f3s isso, se n\u00e3o forem retirados, s\u00e3o doados para institui\u00e7\u00f5es beneficentes.<\/li>\n<li><strong>Guarda Volumes:<\/strong> Um local para guardar volumes extras, como bolsas e sacolas, visando facilitar o seu passeio. O servi\u00e7o de Guarda-Volumes \u00e9 gratuito e fica ao lado do Espa\u00e7o Cliente. Para us\u00e1-lo, basta fazer um cadastro no local.<\/li>\n<li><strong>Carrinhos de Beb\u00ea:<\/strong> Um local para guardar volumes extras, como bolsas e sacolas, visando facilitar o seu passeio. O servi\u00e7o de Guarda-Volumes \u00e9 gratuito e fica ao lado do Espa\u00e7o Cliente. Para us\u00e1-lo, basta fazer um cadastro no local.<\/li>\n<li><strong>Cadeira de Rodas:<\/strong> Para sua maior comodidade, oferecemos empr\u00e9stimo gratuito de cadeiras de rodas, incluindo as adaptadas para pessoas de at\u00e9 120Kg. Para utilizar o servi\u00e7o, basta ir ao Espa\u00e7o Cliente (1\u00ba Piso, 1\u00aa Etapa) e solicitar o equipamento.<\/li>\n<\/ul>\n<h3>Vagas\u00a0Shopping Recife Recife &#8211; Trabalhe Conosco<\/h3>\n<p>Atitude, responsabilidade, resili\u00eancia, criatividade, comprometimento para resultado, e saber trabalhar em equipe s\u00e3o algumas compet\u00eancias necess\u00e1rias para fazer parte do time. Se voc\u00ea tem esse perfil e est\u00e1 em busca de oportunidades em uma empresa l\u00edder de mercado envie agora mesmo seu <em>curr\u00edculo<\/em> para\u00a0o Shopping\u00a0Recife.<\/p>\n<h3>Hor\u00e1rio de Funcionamento\u00a0Shopping\u00a0Recife<\/h3>\n<ul>\n<li>Segunda a S\u00e1bado das 09h \u00e0s 22h \/ Domingo das 12h \u00e0s 21h<\/li>\n<\/ul>\n<h3>Endere\u00e7o e Telefone\u00a0Shopping Recife<\/h3>\n<ul>\n<li>R. Padre Carapuceiro, 777 &#8211; Boa Viagem &#8211; Recife &#8211; PE<\/li>\n<li>Telefone: (81) 3464-6000<\/li>\n<\/ul>\n<h4>Outras informa\u00e7\u00f5es e site<\/h4>\n<ul>\n<li>Mais informa\u00e7\u00f5es:\u00a0<a href=\"http:\/\/shoppingrecife.com.br\/\" target=\"_blank\" rel=\"noopener noreferrer\">www.shoppingrecife.com.br<\/a><\/li>\n<li>E-mail:\u00a0espacocliente@shoppingrecife.com.br<\/li>\n<\/ul>\n<h4>Mapa de localiza\u00e7\u00e3o<\/h4>\n<a class=\"wp-colorbox-iframe\" href=\"https:\/\/www.google.com\/maps\/embed?pb=!1m14!1m8!1m3!1d15799.307103585432!2d-34.9049342!3d-8.119113!3m2!1i1024!2i768!4f13.1!3m3!1m2!1s0x00x84e562c3798725e7!2sShopping+Recife!5e0!3m2!1spt-BR!2sbr!4v1557742553367!5m2!1spt-BR!2sbr\"><img src=\"http:\/\/www.encontrarecife.com.br\/imgs\/maps-post.png\"><\/a>\n\n<div style=\"font-size: 0px; height: 0px; line-height: 0px; margin: 0; padding: 0; clear: both;\"><\/div>","protected":false},"excerpt":{"rendered":"<p>O primeiro centro de compras de Pernambuco foi inaugurado em 7 de outubro de 1980. Com mais de 30 anos de hist\u00f3ria, o Shopping Recife oferece 450 lojas, 5,8 mil vagas de estacionamento e 14 salas de cinema, com capacidade para receber at\u00e9 tr\u00eas mil pessoas. Al\u00e9m disso, o empreendimento \u00e9 um grande polo gastron\u00f4mico, com cerca de 90 opera\u00e7\u00f5es de alimenta\u00e7\u00e3o. Um mix completo com grandes marcas, opera\u00e7\u00f5es exclusivas, variadas op\u00e7\u00f5es de entretenimento, como parques de jogos eletr\u00f4nicos e infantil, produtos e servi\u00e7os. Com excelente localiza\u00e7\u00e3o, o centro de compras est\u00e1 a cinco minutos do Aeroporto Internacional do Recife <\/p>\n","protected":false},"author":1,"featured_media":0,"parent":0,"menu_order":0,"comment_status":"closed","ping_status":"closed","template":"","meta":[],"aioseo_notices":[],"_links":{"self":[{"href":"https:\/\/www.encontrarecife.com.br\/sobre\/wp-json\/wp\/v2\/pages\/821"}],"collection":[{"href":"https:\/\/www.encontrarecife.com.br\/sobre\/wp-json\/wp\/v2\/pages"}],"about":[{"href":"https:\/\/www.encontrarecife.com.br\/sobre\/wp-json\/wp\/v2\/types\/page"}],"author":[{"embeddable":true,"href":"https:\/\/www.encontrarecife.com.br\/sobre\/wp-json\/wp\/v2\/users\/1"}],"replies":[{"embeddable":true,"href":"https:\/\/www.encontrarecife.com.br\/sobre\/wp-json\/wp\/v2\/comments?post=821"}],"version-history":[{"count":0,"href":"https:\/\/www.encontrarecife.com.br\/sobre\/wp-json\/wp\/v2\/pages\/821\/revisions"}],"wp:attachment":[{"href":"https:\/\/www.encontrarecife.com.br\/sobre\/wp-json\/wp\/v2\/media?parent=821"}],"curies":[{"name":"wp","href":"https:\/\/api.w.org\/{rel}","templated":true}]}}