{"id":818,"date":"2019-05-13T06:23:32","date_gmt":"2019-05-13T09:23:32","guid":{"rendered":"https:\/\/www.encontrarecife.com.br\/sobre\/?page_id=818"},"modified":"2019-05-13T06:24:21","modified_gmt":"2019-05-13T09:24:21","slug":"grande-recife","status":"publish","type":"page","link":"https:\/\/www.encontrarecife.com.br\/sobre\/grande-recife\/","title":{"rendered":"Grande Recife"},"content":{"rendered":"<div class=\"13f566c1641b828fb11817b18261638d\" data-index=\"1\" style=\"float: none; margin:0px;\">\n<!-- Anuncio display - global -->\r\n<ins class=\"adsbygoogle\"\r\n     style=\"display:block\"\r\n     data-ad-client=\"ca-pub-8585364105181520\"\r\n     data-ad-slot=\"8789329856\"\r\n     data-ad-format=\"auto\"\r\n     data-full-width-responsive=\"true\"><\/ins>\r\n<script>\r\n     (adsbygoogle = window.adsbygoogle || []).push({});\r\n<\/script>\n<\/div>\n<p>A <strong>Grande Recife<\/strong> Cons\u00f3rcio de Transporte Metropolitano \u00e9 a empresa respons\u00e1vel pelo gerenciamento do transporte por \u00f4nibus na Regi\u00e3o Metropolitana de Recife. Foi criada a partir da Empresa Metropolitana de Transportes Urbanos de Recife. Gerencia atualmente a opera\u00e7\u00e3o de treze empresas de \u00f4nibus, que ofertam servi\u00e7o em toda a regi\u00e3o metropolitana do Recife.<\/p>\n<p>S\u00e3o 3 mil \u00f4nibus em 394 linhas, realizando aproximadamente 26 mil viagens di\u00e1rias, acarretando em 2 milh\u00f5es de passageiros transportados por dia.<\/p>\n<p><img decoding=\"async\" loading=\"lazy\" class=\"alignnone wp-image-819 size-full\" title=\"Grande Recife\" src=\"https:\/\/www.encontrarecife.com.br\/sobre\/wp-content\/uploads\/grande-recife-re.gif\" alt=\"Grande Recife\" width=\"680\" height=\"189\" \/><\/p>\n<p><span style=\"color: #000000;\">Principais Fun\u00e7\u00f5es do Grande Recife:<\/span><\/p>\n<ul>\n<li>Planejar e gerir o Sistema de Transporte P\u00fablico de Passageiros da Regi\u00e3o Metropolitana do Recife (STPP\/RMR), assegurando a qualidade e a universalidade dos servi\u00e7os;<\/li>\n<li>Contratar os servi\u00e7os de transportes por meio de licita\u00e7\u00e3o p\u00fablica;<\/li>\n<li>Regulamentar as atividades concedidas;<\/li>\n<li>Fiscalizar e atualizar os contratos de concess\u00e3o.<\/li>\n<\/ul>\n<h2>Grande\u00a0Recife Hist\u00f3ria<\/h2>\n<p>A EMTU\/Recife foi criada pela lei estadual n\u00famero 7 832, em 6 de abril de 1979, com o objetivo de estruturar, gerenciar e fiscalizar o sistema de transporte metropolitano, efetivamente, em 1980, com uma equipe de oitenta funcion\u00e1rios. Ap\u00f3s a extin\u00e7\u00e3o da EMTU, foi criado formalmente no dia 8 de setembro de 2008, o Grande Recife Cons\u00f3rcio de Transporte Metropolitano, que foi a primeira experi\u00eancia de cons\u00f3rcio no setor de transporte de passageiros em todo o pa\u00eds.<\/p>\n<h3>Grande Recife Passe Livre<\/h3>\n<p>O Governo do Estado de Pernambuco concedeu aos estudantes da Rede P\u00fablica Estadual de Ensino da Regi\u00e3o Metropolitana do Recife (RMR) e aos cotistas da Universidade de Pernambuco (UPE) mais um benef\u00edcio: o <em>Passe Livre<\/em>. O cart\u00e3o garante passagem gratuita aos alunos, que devem estar regularmente matriculados e com frequ\u00eancia comprovada.<\/p>\n<p>Para ter direito ao Passe, os alunos devem morar e estudar em institui\u00e7\u00f5es localizadas na RMR. O cart\u00e3o \u00e9 carregado com 44 cr\u00e9ditos por m\u00eas concedidos pelo Governo do Estado, v\u00e1lidos de segunda a sexta, durante o per\u00edodo letivo. Para estudantes do curso EAD s\u00e3o concedidos at\u00e9 8 cr\u00e9ditos no m\u00eas. Al\u00e9m disso, o estudante permanecer\u00e1 com o benef\u00edcio da meia passagem, podendo carregar at\u00e9 26 cr\u00e9ditos, totalizando 70 passagens por m\u00eas.<\/p>\n<h3>Grande\u00a0Recife Vem<\/h3>\n<p><em>VEM<\/em> \u2013 Vale Eletr\u00f4nico Metropolitano \u2013 \u00e9 o cart\u00e3o do sistema de bilhetagem eletr\u00f4nica da Regi\u00e3o Metropolitana do Recife. O VEM \u00e9 moderno, dur\u00e1vel e de leitura r\u00e1pida. Al\u00e9m disso, todo o processo de compra de cr\u00e9ditos pode ser feito atrav\u00e9s da internet e a recarga dos cart\u00f5es, dentro dos \u00f4nibus.<\/p>\n<h3>Grande\u00a0Recife Itiner\u00e1rios<\/h3>\n<p>Acesse\u00a0<a href=\"http:\/\/200.238.84.28\/site\/consulta\/itinerarios.asp\" target=\"_blank\" rel=\"noopener noreferrer\">www.consulta\/itinerarios.asp<\/a>\u00a0e\u00a0escolha a linha e pesquise o itiner\u00e1rio e os hor\u00e1rios dos \u00f4nibus.<\/p>\n<h3>Vagas\u00a0Grande Recife &#8211; Trabalhe Conosco<\/h3>\n<p>A Grande Recife disponibiliza <em>vagas de trabalho<\/em> durante todo ano. Para se informar sobre os processos seletivos e se candidatar as vagas acompanhe o site da empresa, onde \u00e9 poss\u00edvel se informar sobre vagas abertas, sal\u00e1rios e compet\u00eancias necess\u00e1rias para se candidatar ao processo.<\/p>\n<h3>Hor\u00e1rio de Funcionamento\u00a0Grande Recife<\/h3>\n<ul>\n<li>Segunda a Sexta das 08h \u00e0s 17h<\/li>\n<\/ul>\n<h3>Endere\u00e7o e Telefone\u00a0Grande Recife<\/h3>\n<ul>\n<li><strong>S\u00e3o Jos\u00e9:<\/strong> Cais Santa Rita, 600 &#8211; Telefone: (81) 3182-5500<\/li>\n<li><strong>Cordeiro:<\/strong> Av. Caxang\u00e1, s\/n &#8211; Telefone: n\u00e3o informado<\/li>\n<li><strong>Beberibe:<\/strong> Av. Beberibe: 1869 &#8211; Telefone: (81) 3075-4000<\/li>\n<li><strong>Cohab:<\/strong> Av. Jorn. Costa Porto, 1255 &#8211; Telefone: (81) 98845-2232<\/li>\n<\/ul>\n<h4>Outras informa\u00e7\u00f5es e site<\/h4>\n<ul>\n<li>Mais informa\u00e7\u00f5es:\u00a0<a href=\"http:\/\/www.granderecife.pe.gov.br\/sitegrctm\/\" target=\"_blank\" rel=\"noopener noreferrer\">www.granderecife.pe.gov.br\/sitegrctm<\/a><\/li>\n<\/ul>\n<h4>Mapa de localiza\u00e7\u00e3o S\u00e3o Jos\u00e9<\/h4>\n<a class=\"wp-colorbox-iframe\" href=\"https:\/\/www.google.com\/maps\/embed?pb=!1m18!1m12!1m3!1d3950.298456565867!2d-34.87913938522004!3d-8.071010694188924!2m3!1f0!2f0!3f0!3m2!1i1024!2i768!4f13.1!3m3!1m2!1s0x7ab18b162c5d9370xc7baf6fc2682684a!2sCais+Santa+Rita+600+-+Santo+Antnio+Recife+-+PE+50020-360!5e0!3m2!1spt-BR!2sbr!4v1557738984068!5m2!1spt-BR!2sbr\"><img src=\"http:\/\/www.encontrarecife.com.br\/imgs\/maps-post.png\"><\/a>\n\n<div style=\"font-size: 0px; height: 0px; line-height: 0px; margin: 0; padding: 0; clear: both;\"><\/div>","protected":false},"excerpt":{"rendered":"<p>A Grande Recife Cons\u00f3rcio de Transporte Metropolitano \u00e9 a empresa respons\u00e1vel pelo gerenciamento do transporte por \u00f4nibus na Regi\u00e3o Metropolitana de Recife. Foi criada a partir da Empresa Metropolitana de Transportes Urbanos de Recife. Gerencia atualmente a opera\u00e7\u00e3o de treze empresas de \u00f4nibus, que ofertam servi\u00e7o em toda a regi\u00e3o metropolitana do Recife. S\u00e3o 3 mil \u00f4nibus em 394 linhas, realizando aproximadamente 26 mil viagens di\u00e1rias, acarretando em 2 milh\u00f5es de passageiros transportados por dia. Principais Fun\u00e7\u00f5es do Grande Recife: Planejar e gerir o Sistema de Transporte P\u00fablico de Passageiros da Regi\u00e3o Metropolitana do Recife (STPP\/RMR), assegurando a qualidade e <\/p>\n","protected":false},"author":1,"featured_media":0,"parent":0,"menu_order":0,"comment_status":"closed","ping_status":"closed","template":"","meta":[],"aioseo_notices":[],"_links":{"self":[{"href":"https:\/\/www.encontrarecife.com.br\/sobre\/wp-json\/wp\/v2\/pages\/818"}],"collection":[{"href":"https:\/\/www.encontrarecife.com.br\/sobre\/wp-json\/wp\/v2\/pages"}],"about":[{"href":"https:\/\/www.encontrarecife.com.br\/sobre\/wp-json\/wp\/v2\/types\/page"}],"author":[{"embeddable":true,"href":"https:\/\/www.encontrarecife.com.br\/sobre\/wp-json\/wp\/v2\/users\/1"}],"replies":[{"embeddable":true,"href":"https:\/\/www.encontrarecife.com.br\/sobre\/wp-json\/wp\/v2\/comments?post=818"}],"version-history":[{"count":0,"href":"https:\/\/www.encontrarecife.com.br\/sobre\/wp-json\/wp\/v2\/pages\/818\/revisions"}],"wp:attachment":[{"href":"https:\/\/www.encontrarecife.com.br\/sobre\/wp-json\/wp\/v2\/media?parent=818"}],"curies":[{"name":"wp","href":"https:\/\/api.w.org\/{rel}","templated":true}]}}