{"id":703,"date":"2017-11-29T16:05:38","date_gmt":"2017-11-29T18:05:38","guid":{"rendered":"http:\/\/www.encontrarecife.com.br\/noticias\/?page_id=703"},"modified":"2025-12-05T17:01:26","modified_gmt":"2025-12-05T20:01:26","slug":"sobre-recife","status":"publish","type":"page","link":"https:\/\/www.encontrarecife.com.br\/sobre\/","title":{"rendered":"Sobre Recife"},"content":{"rendered":"<div class=\"13f566c1641b828fb11817b18261638d\" data-index=\"1\" style=\"float: none; margin:0px;\">\n<!-- Anuncio display - global -->\r\n<ins class=\"adsbygoogle\"\r\n     style=\"display:block\"\r\n     data-ad-client=\"ca-pub-8585364105181520\"\r\n     data-ad-slot=\"8789329856\"\r\n     data-ad-format=\"auto\"\r\n     data-full-width-responsive=\"true\"><\/ins>\r\n<script>\r\n     (adsbygoogle = window.adsbygoogle || []).push({});\r\n<\/script>\n<\/div>\n<h2>Limites &#8211; Cidades Vizinhas<\/h2>\n<p><a title=\"Jaboat\u00e3o dos Guararapes\" href=\"https:\/\/www.encontrajaboatao.com.br\/\" target=\"_blank\" rel=\"noopener noreferrer\">Jaboat\u00e3o dos Guararapes<\/a>, S\u00e3o Louren\u00e7o da Mata, Camaragibe,\u00a0<a title=\"Paulista\" href=\"https:\/\/www.encontrapaulistape.com.br\/\" target=\"_blank\" rel=\"noopener noreferrer\">Paulista<\/a>\u00a0e Olinda.<\/p>\n<h3>Dados Principais sobre Recife<\/h3>\n<p><strong>Anivers\u00e1rio:<\/strong>\u00a012 de mar\u00e7o<br \/>\n<strong>Funda\u00e7\u00e3o :<\/strong>\u00a01537<br \/>\n<strong>Gent\u00edlico:<\/strong>\u00a0Recifense<br \/>\n<strong>Area:<\/strong>\u00a0217 494 Km\u00b2<br \/>\n<strong>Popula\u00e7\u00e3o<\/strong>\u00a01 546 516 hab. (2011)<br \/>\n<strong>IDH<\/strong>\u00a00,797 &#8211; m\u00e9dio<br \/>\n<a href=\"https:\/\/recife.prefeituras.org\/\" target=\"_blank\" rel=\"noopener noreferrer\">Prefeitura Recife<\/a><\/p>\n<div id=\"attachment_705\" style=\"width: 114px\" class=\"wp-caption alignnone\"><img aria-describedby=\"caption-attachment-705\" decoding=\"async\" loading=\"lazy\" class=\"wp-image-705 size-full\" src=\"https:\/\/www.encontrarecife.com.br\/sobre\/wp-content\/uploads\/brasao-de-recife.jpg\" alt=\"Bras\u00e3o de Recife\" width=\"104\" height=\"119\" \/><p id=\"caption-attachment-705\" class=\"wp-caption-text\">Bras\u00e3o de Recife<\/p><\/div>\n<div id=\"attachment_706\" style=\"width: 155px\" class=\"wp-caption alignnone\"><img aria-describedby=\"caption-attachment-706\" decoding=\"async\" loading=\"lazy\" class=\"wp-image-706 size-full\" src=\"https:\/\/www.encontrarecife.com.br\/sobre\/wp-content\/uploads\/bandeira-de-recife.jpg\" alt=\"Bandeira de Recife\" width=\"145\" height=\"93\" \/><p id=\"caption-attachment-706\" class=\"wp-caption-text\">Bandeira de Recife<\/p><\/div>\n<h2>Hist\u00f3ria de Recife<\/h2>\n<p><img decoding=\"async\" class=\"alignnone size-full wp-image-704\" src=\"https:\/\/www.encontrarecife.com.br\/sobre\/wp-content\/uploads\/cidade-recife.jpg\" alt=\"\" width=\"99%\" srcset=\"https:\/\/www.encontrarecife.com.br\/sobre\/wp-content\/uploads\/cidade-recife.jpg 565w, https:\/\/www.encontrarecife.com.br\/sobre\/wp-content\/uploads\/cidade-recife-300x105.jpg 300w\" sizes=\"(max-width: 565px) 100vw, 565px\" \/><\/p>\n<p><strong>Recife\u00a0<\/strong>\u00e9 um munic\u00edpio brasileiro, capital do estado de Pernambuco. Pertence \u00e0 Mesorregi\u00e3o Metropolitana do Recife e a Microrregi\u00e3o de Recife. Com uma \u00e1rea de aproximadamente 217km2, est\u00e1 localizado \u00e0s margens do oceano Atl\u00e2ntico, e possui uma popula\u00e7\u00e3o de 1.536.934 pessoas. \u00c9 sede da Regi\u00e3o Metropolitana do Recife, a maior aglomera\u00e7\u00e3o urbana do Nordeste brasileiro e quinta maior do pa\u00eds, com 3,7 milh\u00f5es de habitantes. Classificada pelo IBGE como uma metr\u00f3pole regional, o Grande Recife \u00e9 a \u00e1rea metropolitana de maior densidade populacional do Nordeste brasileiro e terceira mais densamente habitada do pa\u00eds, superada apenas por S\u00e3o Paulo e Rio de Janeiro, al\u00e9m de possuir a quarta maior rede urbana do Brasil em popula\u00e7\u00e3o.<\/p>\n<p>A metr\u00f3pole desempenha um forte papel centralizador em seu estado e regi\u00e3o, abrigando grande n\u00famero de sedes regionais e nacionais de institui\u00e7\u00f5es e empresas p\u00fablicas e privadas, como o Comando Militar do Nordeste, o TRF da 5\u00aa Regi\u00e3o, a SUDENE, a Superintend\u00eancia Regional Nordeste da Infraero, a TV Globo Nordeste, a Eletrobras Chesf, a Queiroz Galv\u00e3o, entre outras, e com uma \u00e1rea de influ\u00eancia que abrange outras capitais, como Jo\u00e3o Pessoa, Macei\u00f3, Natal e Aracaju. Inclui, al\u00e9m da capital pernambucana, mais 14 cidades do Grande Recife, concentrando 65% do PIB estadual.<\/p>\n<p>A\u00a0<a title=\"cidade de Recife\" href=\"https:\/\/www.encontrarecife.com.br\/\">cidade de Recife<\/a>\u00a0foi eleita por pesquisa encomendada pela MasterCard Worldwide como uma das 65 cidades com economia mais desenvolvida dos mercados emergentes no mundo. Apenas cinco cidades brasileiras entraram na lista, tendo Recife recebido a quarta posi\u00e7\u00e3o, ap\u00f3s S\u00e3o Paulo, Rio de Janeiro e Bras\u00edlia e \u00e0 frente de Curitiba.<\/p>\n<p>Destaca-se por possuir o maior parque tecnol\u00f3gico do Brasil, o Porto Digital; o maior n\u00famero de consulados estrangeiros fora do eixo Rio-S\u00e3o Paulo, sendo inclusive a \u00fanica cidade, com exce\u00e7\u00e3o de S\u00e3o Paulo e do Rio de Janeiro, que tem consulado dos Estados Unidos; o mais importante polo m\u00e9dico do Norte-Nordeste; o mais moderno aeroporto do Norte-Nordeste, o <a href=\"https:\/\/www.aeroportoderecife.com\/\" target=\"_blank\" rel=\"noopener\">Aeroporto Internacional dos Guararapes<\/a>; o maior PIB per capita entre as capitais da Regi\u00e3o Nordeste; uma forte ind\u00fastria de constru\u00e7\u00e3o civil: a cidade det\u00e9m grande n\u00famero de arranha-c\u00e9us em compara\u00e7\u00e3o a outras capitais do pa\u00eds; e sua regi\u00e3o metropolitana, o Complexo Industrial de Suape, que abriga, entre outros empreendimentos, o maior estaleiro do Hemisf\u00e9rio Sul.<\/p>\n<p>Com um grande potencial tur\u00edstico e forte voca\u00e7\u00e3o para o turismo de neg\u00f3cios, frequentemente \u00e9 escolhida como sede de diversos eventos, como simp\u00f3sios, jornadas e congressos.<\/p>\n<p>O nome &#8220;Recife&#8221; prov\u00e9m da palavra arrecife, grande barreira rochosa de arenito (recifes) que se estende por toda a sua costa, formando piscinas naturais. Geralmente, o nome do munic\u00edpio dentro de frases \u00e9 antecedido de artigo masculino, como acontece com os munic\u00edpios do Rio de Janeiro, do Crato, do Cabo de Santo Agostinho e outros. A esse respeito, muitos intelectuais recifenses e pernambucanos j\u00e1 se pronunciaram, entre eles Gilberto Freyre, em seu livro O Recife, sim! Recife, n\u00e3o!, em 1960. Sobre o tema se pronunciou o historiador pernambucano Jos\u00e9 Ant\u00f4nio Gon\u00e7alves de Melo: &#8220;Porque se originou de um acidente geogr\u00e1fico &#8211; o recife ou o arrecife &#8211; a designa\u00e7\u00e3o do Recife n\u00e3o prescinde do artigo definido masculino: O Recife e nunca Recife.&#8221; Por outro lado, o gram\u00e1tico Napole\u00e3o Mendes de Almeida afirma em longo arrazoado que n\u00e3o se deve usar o artigo definido para fazer refer\u00eancia \u00e0 cidade, mas apenas ao bairro hom\u00f4nimo: &#8220;o bairro do Recife na cidade de Recife&#8221;.<\/p>\n<h2>Economia<\/h2>\n<p>O Recife registrou um PIB de 22,4 bilh\u00f5es de reais em 2008. O PIB per capita da cidade atingiu 14.485 reais. Dois ter\u00e7os do PIB s\u00e3o provenientes de com\u00e9rcio e servi\u00e7os. O PIB da cidade corresponde a um ter\u00e7o do PIB total do estado. O Recife pertence ao Mercado Comum de Cidades do Mercosul. Destaca-se no setor de servi\u00e7os, que representa mais de 60% de participa\u00e7\u00e3o do PIB. O setor de impostos registra percentagem de 18%. Em seguida vem o setor industrial, quase 15%.<\/p>\n<p>O Recife tem o mais importante polo m\u00e9dico do Norte\/Nordeste e o segundo mais importante do Brasil. \u00c9 formado por 417 hospitais e cl\u00ednicas e possui um total de 8,2 mil leitos. Os principais hospitais do polo est\u00e3o nos bairros do Derby e da Ilha do Leite.<br \/>\nPrincipalmente por conta do Porto Digital, que abriga diversas empresas, a cidade \u00e9 considerada um dos mais importantes polos de tecnologias da informa\u00e7\u00e3o do Brasil em quantidade de empresas e faturamento. O Porto Digital, que abriga cerca de cem empresas, entre elas multinacionais como Accenture, Microsoft, Motorola, Borland, Informe Air, Oracle, Sun e Nokia, \u00e9 reconhecido pela A. T. Kearny como o maior parque tecnol\u00f3gico do Brasil em faturamento e n\u00famero de empresas, gerando tr\u00eas mil empregos e participando com 3,5% do PIB do Estado de Pernambuco.<\/p>\n<p>O Shopping Center Recife, o segundo maior centro de compras do Norte\/Nordeste. Conta com 465 lojas, sendo 9 \u00e2ncoras e 6 megalojas, 5.000 vagas de estacionamento, 10 salas de cinema UCI Multiplex, 17 restaurantes e 4 pra\u00e7as de alimenta\u00e7\u00e3o. Nele est\u00e1 localizado o P\u00e1tio das Esculturas, uma \u00e1rea de exposi\u00e7\u00f5es m\u00faltiplas. H\u00e1 tamb\u00e9m os centros de compra Shopping Center Tacaruna, Plaza Shopping Casa Forte, Shopping Pa\u00e7o Alf\u00e2ndega e Shopping Boa Vista.<\/p>\n<p>O\u00a0<a title=\"Recife\" href=\"https:\/\/www.encontrarecife.com.br\/\">Recife<\/a>\u00a0foi eleito por pesquisa encomendada pela MasterCard Worldwide como uma das 65 cidades com economia mais desenvolvida dos mercados emergentes no mundo. Apenas cinco capitais brasileiras entraram na lista: S\u00e3o Paulo, que foi a cidade brasileira mais bem colocada, na 12\u00aa posi\u00e7\u00e3o; Rio de Janeiro (36\u00aa posi\u00e7\u00e3o); Bras\u00edlia (42\u00aa); Recife (47\u00aa); e por \u00faltimo Curitiba (49\u00aa). Xangai e Pequim, na China, ocuparam as duas primeiras posi\u00e7\u00f5es. Para compor o \u00edndice que elegeu as cidades com economia mais avan\u00e7ada nos mercados emergentes, foram considerados o ambiente econ\u00f4mico e comercial; crescimento e desenvolvimento econ\u00f4mico; ambiente de neg\u00f3cios; ambiente de servi\u00e7os financeiros, conectividade comercial; conectividade de educa\u00e7\u00e3o e TI; qualidade de vida urbana; risco e seguran\u00e7a.<\/p>\n<h2>Educa\u00e7\u00e3o<\/h2>\n<p>O Recife conta com importantes Universidades p\u00fablicas e privadas, estando a UFPE entre as 10 melhores Universidades do Brasil e entre as 20 melhores universidades da Am\u00e9rica Latina segundo o Webometrics Ranking of World Universities 2011, \u00e0 frente de universidades conceituadas como a Universidade de Concepci\u00f3n, a Universidade Federal Fluminense e a PUC-RS.<\/p>\n<p>A Faculdade de Direito da Universidade Federal de Pernambuco obteve aproveitamento de 78,57% no Exame de Ordem (2011.1), inferior apenas ao curso de Direito da Universidade Federal do Esp\u00edrito Santo. Nela importantes nomes da hist\u00f3ria brasileira estudaram, destacando, dentre in\u00fameros outros expoentes, Bar\u00e3o do Rio Branco, Castro Alves, Cl\u00f3vis Bevilaqua, Tobias Barreto, Joaquim Nabuco, Eus\u00e9bio de Queir\u00f3s, Teixeira de Freitas, Marqu\u00eas de Paran\u00e1, Epit\u00e1cio Pessoa, Assis Chateaubriand, Jos\u00e9 Lins do Rego e Pontes de Miranda.<\/p>\n<p>A cidade ainda possui o IFPE (pertencente \u00e0 Rede Federal de Educa\u00e7\u00e3o Tecnol\u00f3gica e situada ao lado do Campus da UFPE), a ETEPAM, escola t\u00e9cnica estadual e o Gin\u00e1sio Pernambucano que funciona como um centro de ensino experimental.<\/p>\n<p>Mais de 144 mil estudantes est\u00e3o matriculados nas Escolas municipais do Recife. No Ensino Fundamental municipal a matr\u00edcula \u00e9 de quase cem mil crian\u00e7as, e as duas escolas do Ensino M\u00e9dio municipais contam com aproximadamente 2 mil estudantes. A Educa\u00e7\u00e3o de Jovens e Adultos (EJA) possui mais de 25 mil estudantes, a maioria em hor\u00e1rio noturno.<\/p>\n<p>No ano de 2003, segundo dados do IBGE, Recife possu\u00eda 282.305 alunos matriculados, com 12.097 lecionando. Neste mesmo ano, o Ensino M\u00e9dio possu\u00eda matr\u00edcula de 97.687 alunos, com 5.262 docentes.<\/p>\n<h2>Analfabetismo<\/h2>\n<p>Apesar de ter havido uma redu\u00e7\u00e3o, a taxa de analfabetismo de pessoas com mais de 15 anos de idade ainda \u00e9 alta em compara\u00e7\u00e3o com algumas capitais brasileiras. Em 2003, 10,6% das pessoas com mais de 15 anos ainda era analfabeta. Em 2010, esse \u00edndice era de 7,13% o que indica uma queda significativa, por\u00e9m insuficiente para ser considerada uma cidade livre do analfabetismo segundo o MEC.<\/p>\n<h2>Sa\u00fade<\/h2>\n<p>Recife possui uma complexa rede de servi\u00e7os no setor p\u00fablico, ofertados pelo Sistema \u00danico de Sa\u00fade (SUS). Existem 118 Unidades b\u00e1sicas de Sa\u00fade, estabelecidas na maioria dos bairros da cidade, que ofertam consultas m\u00e9dicas (Crian\u00e7a, Adulto, Idoso), vacina\u00e7\u00e3o, pr\u00e9-natal, planejamento familiar e exame ginecol\u00f3gico. Cerca de metade destas unidades tamb\u00e9m oferecem consultas odontol\u00f3gicas. As unidades b\u00e1sicas funcionam de 7:30 \u00e0s 17:00.<\/p>\n<p>Os servi\u00e7os p\u00fablicos de urg\u00eancia 24h realizam atendimento nas \u00e1reas de cl\u00ednica geral, ortopedia e pediatria. S\u00e3o 04 Unidades de Pronto-atendimento (UPAs) localizadas em pontos de f\u00e1cil de acesso (Av. Caxang\u00e1, Av. Abdias de Carvalho, Imbiribeira e Nova Descoberta). Al\u00e9m destas, existem 05 Policl\u00ednicas 24h que realizam atendimento semelhantes e est\u00e3o localizadas nos bairros de Casa Amarela Afogados, Parnamirim (apenas pediatria), Campina do Barreto (Recife) e Ibura. Pessoas com suspeita de infarto ou outro problema cardiol\u00f3gico tamb\u00e9m podem se dirigir ao Pronto-Socorro Cardiol\u00f3gico de Pernambuco (PROCAPE), unidade de atendimento do SUS e segundo maior hospital de cardiologia da Am\u00e9rica Latina.<\/p>\n<p>O maior hospital p\u00fablico do munic\u00edpio \u00e9 o Hospital da Restaura\u00e7\u00e3o. Outros hospitais importantes s\u00e3o: Hospital Ulysses Pernambucano, segundo hospital psiqui\u00e1trico do Brasil; Hospital das Cl\u00ednicas da Universidade Federal de Pernambuco; e Hospital Universit\u00e1rio Oswaldo Cruz, sendo os dois \u00faltimos grandes hospitais universit\u00e1rios. O Recife tem um total de 8.875 leitos hospitalares, dos quais 6.037 dispon\u00edveis para pacientes do Sistema \u00danico de Sa\u00fade. Hospital da Restaura\u00e7\u00e3o, maior emerg\u00eancia p\u00fablica e mais complexo servi\u00e7o de urg\u00eancia e trauma do Norte-Nordeste, recebendo pacientes de todo o estado e de estados vizinhos. O Hospital da Restaura\u00e7\u00e3o, refer\u00eancia nas \u00e1reas de trauma, neurocirurgia, neurologia, cirurgia geral, cl\u00ednica m\u00e9dica e ortopedia, possui 482 leitos registrados no Minist\u00e9rio da Sa\u00fade (MS), mas, incluindo os extras, funciona com um total de 723 leitos para atender a demanda que lhe \u00e9 submetida. Desde junho de 2010, a antiga Emerg\u00eancia Geral foi desmembrada em tr\u00eas emerg\u00eancias com entradas e espa\u00e7os independentes: Emerg\u00eancia Pedi\u00e1trica, Emerg\u00eancia Traumatol\u00f3gica e Emerg\u00eancia Cl\u00ednica. Os hospitais particulares do Recife, equipados com m\u00e1quinas de \u00faltima gera\u00e7\u00e3o, fazem da capital pernambucana o segundo maior polo m\u00e9dico e hospitalar do Brasil.<\/p>\n<p>Em 2007, de acordo com a Prefeitura do Recife, a mortalidade infantil na capital pernambucana era de 13,0 p\/mil.<\/p>\n<h2>Metr\u00f4<\/h2>\n<p>Recife figura entre as metr\u00f3poles brasileiras que possuem transporte p\u00fablico sobre trilhos. Al\u00e9m da capital, o sistema atende os munic\u00edpios de Cabo de Santo Agostinho, Camaragibe e Jaboat\u00e3o dos Guararapes.<\/p>\n<p>Os 71 quil\u00f4metros de extens\u00e3o da malha s\u00e3o distribu\u00eddos em tr\u00eas ramais, al\u00e9m do VLT (Ve\u00edculo Leve Sobre Trilhos). Ao todo, s\u00e3o 36 esta\u00e7\u00f5es entre as linhas Centro 1, Centro 2, Sul e VLT. O\u00a0<strong><a href=\"https:\/\/www.metrorecife.com.br\/\" target=\"_blank\" rel=\"noopener noreferrer\">Metr\u00f4 do Recife<\/a><\/strong>\u00a0atende 400 mil pessoas diariamente.<\/p>\n<p>Para homenagear a comunidade de moradores desta maravilhosa cidade, o\u00a0<a title=\"Encontra Pernambuco\" href=\"https:\/\/www.encontrapernambuco.com.br\/\" target=\"_blank\" rel=\"noopener noreferrer\">Encontra Pernambuco\u00a0<\/a>criou o\u00a0<a title=\"Encontra Recife \" href=\"https:\/\/www.encontrarecife.com.br\/\">Encontra Recife<\/a>.<\/p>\n\n<div style=\"font-size: 0px; height: 0px; line-height: 0px; margin: 0; padding: 0; clear: both;\"><\/div>","protected":false},"excerpt":{"rendered":"<p>Limites &#8211; Cidades Vizinhas Jaboat\u00e3o dos Guararapes, S\u00e3o Louren\u00e7o da Mata, Camaragibe,\u00a0Paulista\u00a0e Olinda. Dados Principais sobre Recife Anivers\u00e1rio:\u00a012 de mar\u00e7o Funda\u00e7\u00e3o :\u00a01537 Gent\u00edlico:\u00a0Recifense Area:\u00a0217 494 Km\u00b2 Popula\u00e7\u00e3o\u00a01 546 516 hab. (2011) IDH\u00a00,797 &#8211; m\u00e9dio Prefeitura Recife Hist\u00f3ria de Recife Recife\u00a0\u00e9 um munic\u00edpio brasileiro, capital do estado de Pernambuco. Pertence \u00e0 Mesorregi\u00e3o Metropolitana do Recife e a Microrregi\u00e3o de Recife. Com uma \u00e1rea de aproximadamente 217km2, est\u00e1 localizado \u00e0s margens do oceano Atl\u00e2ntico, e possui uma popula\u00e7\u00e3o de 1.536.934 pessoas. \u00c9 sede da Regi\u00e3o Metropolitana do Recife, a maior aglomera\u00e7\u00e3o urbana do Nordeste brasileiro e quinta maior do pa\u00eds, com 3,7 <\/p>\n","protected":false},"author":1,"featured_media":0,"parent":0,"menu_order":0,"comment_status":"closed","ping_status":"closed","template":"","meta":[],"aioseo_notices":[],"_links":{"self":[{"href":"https:\/\/www.encontrarecife.com.br\/sobre\/wp-json\/wp\/v2\/pages\/703"}],"collection":[{"href":"https:\/\/www.encontrarecife.com.br\/sobre\/wp-json\/wp\/v2\/pages"}],"about":[{"href":"https:\/\/www.encontrarecife.com.br\/sobre\/wp-json\/wp\/v2\/types\/page"}],"author":[{"embeddable":true,"href":"https:\/\/www.encontrarecife.com.br\/sobre\/wp-json\/wp\/v2\/users\/1"}],"replies":[{"embeddable":true,"href":"https:\/\/www.encontrarecife.com.br\/sobre\/wp-json\/wp\/v2\/comments?post=703"}],"version-history":[{"count":0,"href":"https:\/\/www.encontrarecife.com.br\/sobre\/wp-json\/wp\/v2\/pages\/703\/revisions"}],"wp:attachment":[{"href":"https:\/\/www.encontrarecife.com.br\/sobre\/wp-json\/wp\/v2\/media?parent=703"}],"curies":[{"name":"wp","href":"https:\/\/api.w.org\/{rel}","templated":true}]}}