{"id":1137,"date":"2019-07-24T05:11:10","date_gmt":"2019-07-24T08:11:10","guid":{"rendered":"https:\/\/www.encontrarecife.com.br\/sobre\/?page_id=1137"},"modified":"2019-07-24T05:14:17","modified_gmt":"2019-07-24T08:14:17","slug":"hospital-das-clinicas-recife","status":"publish","type":"page","link":"https:\/\/www.encontrarecife.com.br\/sobre\/hospital-das-clinicas-recife\/","title":{"rendered":"Hospital das Cl\u00ednicas Recife"},"content":{"rendered":"<div class=\"13f566c1641b828fb11817b18261638d\" data-index=\"1\" style=\"float: none; margin:0px;\">\n<!-- Anuncio display - global -->\r\n<ins class=\"adsbygoogle\"\r\n     style=\"display:block\"\r\n     data-ad-client=\"ca-pub-8585364105181520\"\r\n     data-ad-slot=\"8789329856\"\r\n     data-ad-format=\"auto\"\r\n     data-full-width-responsive=\"true\"><\/ins>\r\n<script>\r\n     (adsbygoogle = window.adsbygoogle || []).push({});\r\n<\/script>\n<\/div>\n<p>A pedra fundamental da constru\u00e7\u00e3o do <strong>Hospital das Cl\u00ednicas\u00a0Recife<\/strong> foi lan\u00e7ada na d\u00e9cada de 50 durante o reitorado do professor Joaquim Amazonas. Contudo, a sua inaugura\u00e7\u00e3o ocorreu no dia 14 de setembro de 1979 pelo Reitor Paulo Frederico do R\u00eago Maciel. Essa iniciativa marcou a transfer\u00eancia dos setores do Pedro II &#8211; primeira unidade hospitalar ligada \u00e0 UFPE \u2013 para o HC.<\/p>\n<p>A mudan\u00e7a iniciada em 1979 estendeu-se at\u00e9 o come\u00e7o da d\u00e9cada de 80. O primeiro setor transferido foi o laborat\u00f3rio. Em 1980, foi a vez dos ambulat\u00f3rios de inicia\u00e7\u00e3o ao exame cl\u00ednico e terap\u00eautico.<\/p>\n<p><img decoding=\"async\" loading=\"lazy\" class=\"alignnone wp-image-1138 size-full\" title=\"Hospital das Cl\u00ednicas Recife\" src=\"https:\/\/www.encontrarecife.com.br\/sobre\/wp-content\/uploads\/hospital-das-clinicas-recife.gif\" alt=\"Hospital das Cl\u00ednicas Recife\" width=\"680\" height=\"189\" \/><\/p>\n<p>Em 1981, come\u00e7aram a funcionar as cl\u00ednicas especializadas, como cirurgia geral, reumatologia e gastroenterologia. As enfermarias foram os \u00faltimos setores trabalhados nesse processo. Entre 1984 e 1985, foi criado o Servi\u00e7o de Doen\u00e7as Infecto-Parasit\u00e1rias (DIP).<\/p>\n<p>No final da d\u00e9cada de 90, o HC passou por sua primeira grande reforma. A unidade de sa\u00fade teve reformados a Unidade de Terapia Intensiva, Enfermaria de Nefrologia, Bloco Cir\u00fargico e dois andares (10\u00ba e 11\u00ba). As reestrutura\u00e7\u00f5es n\u00e3o param e hoje, anualmente, diversos servi\u00e7os passam por um processo de moderniza\u00e7\u00e3o para melhor atender ao p\u00fablico.\u00a0Em 11 de dezembro de 2013, a Universidade Federal de Pernambuco assinou o contrato de ades\u00e3o com a Empresa Brasileira de Servi\u00e7os Hospitalares (Ebserh).<\/p>\n<p>A partir de janeiro de 2014, a Ebserh passou a gerir o Hospital das Cl\u00ednicas da UFPE e a desenvolver o plano de reestrutura\u00e7\u00e3o, construindo um novo modelo de gest\u00e3o para reconduzir o HC no patamar de excel\u00eancia na assist\u00eancia, ensino e pesquisa.<\/p>\n<h2>Hospital das Cl\u00ednicas\u00a0Recife Especialidades<\/h2>\n<p>O Hospital das Cl\u00ednicas conta com as seguintes <em>especialidades:<\/em><\/p>\n<ul>\n<li>Cardiologia<\/li>\n<li>Cirurgia Card\u00edaca<\/li>\n<li>Cirurgia Geral<\/li>\n<li>Cirurgia Pedi\u00e1trica<\/li>\n<li>Cirurgia Pl\u00e1stica<\/li>\n<li>Cl\u00ednica M\u00e9dica<\/li>\n<li>Dermatologia<\/li>\n<li>Doen\u00e7as Infecciosas e Parasit\u00e1rias (DIP)<\/li>\n<li>Endocrinologia<\/li>\n<li>Espa\u00e7o Trans<\/li>\n<li>Fisioterapia<\/li>\n<li>Gastroenterologia<\/li>\n<li>Ginecologia<\/li>\n<li>Hematologia<\/li>\n<li>Nefrologia<\/li>\n<li>Neurologia<\/li>\n<li>Neurocirurgia<\/li>\n<li>Obstetr\u00edcia<\/li>\n<li>Oftalmologia<\/li>\n<li>Oncologia<\/li>\n<li>Ortopedia e Traumatologia<\/li>\n<li>Otorrinolaringologia<\/li>\n<li>Pediatria<\/li>\n<li>Pneumologia<\/li>\n<li>Psicologia<\/li>\n<li>Psiquiatria<\/li>\n<li>Reumatologia<\/li>\n<li>Urologia<\/li>\n<\/ul>\n<h3>Hospital das Cl\u00ednicas\u00a0Recife\u00a0Marca\u00e7\u00e3o de Consulta<\/h3>\n<p>O Hospital das Cl\u00ednicas disponibiliza um quantitativo de vagas reguladas para determinadas \u00e1reas m\u00e9dicas. Para <em>marcar a primeira consulta<\/em> em alguma dessas \u00e1reas, o paciente deve primeiramente se dirirgir a uma unidade de sa\u00fade, como um Posto de Sa\u00fade ou uma Unidade de Pronto Atendimento (UPA) para agendar consulta atrav\u00e9s do sistema de regula\u00e7\u00e3o. No dia agendado, o usu\u00e1rio precisa ter em m\u00e3os o comprovante de agendamento, identidade, CPF, Cart\u00e3o SUS, comprovante de resid\u00eancia e certid\u00e3o de nascimento (para menores de 16 anos que n\u00e3o tenham documento de identidade) e se dirigir \u00e0 Central de Marca\u00e7\u00e3o de Consultas, localizada no t\u00e9rreo da Portaria 4 do HC. No local, ser\u00e1 realizado o cadastro ou o prontu\u00e1rio do paciente e ele ser\u00e1, de imediato, direcionado ao ambulat\u00f3rio espec\u00edfico para atendimento.<\/p>\n<p>As interconsultas (aquelas em que um m\u00e9dico do HC solicita o encaminhamento do paciente para outro especialista do pr\u00f3prio hospital), novas consultas para as demais especialidades da unidade e os retornos continuam sendo agendados presencialmente no HC.<\/p>\n<h3>Hospital das Cl\u00ednicas\u00a0Recife\u00a0Trabalhe Conosco<\/h3>\n<p>O Hospital das Cl\u00ednicas contrata funcion\u00e1rios atrav\u00e9s de <em>processos seletivos e concursos.<\/em> Fique atento ao site para n\u00e3o perder os editais divulgados.<\/p>\n<h3>Hor\u00e1rio de Funcionamento\u00a0Hospital das Cl\u00ednicas\u00a0em Recife<\/h3>\n<ul>\n<li>24 horas<\/li>\n<\/ul>\n<h3>Endere\u00e7o e Telefone\u00a0Hospital das Cl\u00ednicas em Recife<\/h3>\n<ul>\n<li>Av. Prof. Moraes Rego, 1235 &#8211; Cidade Universit\u00e1ria &#8211; Recife &#8211; PE<\/li>\n<li>Telefone: (81) 2126-3633<\/li>\n<\/ul>\n<h4>Outras informa\u00e7\u00f5es e site<\/h4>\n<ul>\n<li>Mais informa\u00e7\u00f5es:\u00a0<a href=\"http:\/\/www.ebserh.gov.br\/\" target=\"_blank\" rel=\"noopener noreferrer\">www.ebserh.gov.br<\/a><\/li>\n<\/ul>\n<h4>Mapa de localiza\u00e7\u00e3o<\/h4>\n<a class=\"wp-colorbox-iframe\" href=\"https:\/\/www.google.com\/maps\/embed?pb=!1m14!1m8!1m3!1d15802.11496701675!2d-34.9461687!3d-8.0474223!3m2!1i1024!2i768!4f13.1!3m3!1m2!1s0x00xf02ec862dfd94c10!2sHospital+das+Clnicas+-+HC+-+UFPE!5e0!3m2!1spt-BR!2sbr!4v1563955617057!5m2!1spt-BR!2sbr\"><img src=\"http:\/\/www.encontrarecife.com.br\/imgs\/maps-post.png\"><\/a>\n\n<div style=\"font-size: 0px; height: 0px; line-height: 0px; margin: 0; padding: 0; clear: both;\"><\/div>","protected":false},"excerpt":{"rendered":"<p>A pedra fundamental da constru\u00e7\u00e3o do Hospital das Cl\u00ednicas\u00a0Recife foi lan\u00e7ada na d\u00e9cada de 50 durante o reitorado do professor Joaquim Amazonas. Contudo, a sua inaugura\u00e7\u00e3o ocorreu no dia 14 de setembro de 1979 pelo Reitor Paulo Frederico do R\u00eago Maciel. Essa iniciativa marcou a transfer\u00eancia dos setores do Pedro II &#8211; primeira unidade hospitalar ligada \u00e0 UFPE \u2013 para o HC. A mudan\u00e7a iniciada em 1979 estendeu-se at\u00e9 o come\u00e7o da d\u00e9cada de 80. O primeiro setor transferido foi o laborat\u00f3rio. Em 1980, foi a vez dos ambulat\u00f3rios de inicia\u00e7\u00e3o ao exame cl\u00ednico e terap\u00eautico. Em 1981, come\u00e7aram a <\/p>\n","protected":false},"author":1,"featured_media":0,"parent":0,"menu_order":0,"comment_status":"closed","ping_status":"closed","template":"","meta":[],"aioseo_notices":[],"_links":{"self":[{"href":"https:\/\/www.encontrarecife.com.br\/sobre\/wp-json\/wp\/v2\/pages\/1137"}],"collection":[{"href":"https:\/\/www.encontrarecife.com.br\/sobre\/wp-json\/wp\/v2\/pages"}],"about":[{"href":"https:\/\/www.encontrarecife.com.br\/sobre\/wp-json\/wp\/v2\/types\/page"}],"author":[{"embeddable":true,"href":"https:\/\/www.encontrarecife.com.br\/sobre\/wp-json\/wp\/v2\/users\/1"}],"replies":[{"embeddable":true,"href":"https:\/\/www.encontrarecife.com.br\/sobre\/wp-json\/wp\/v2\/comments?post=1137"}],"version-history":[{"count":0,"href":"https:\/\/www.encontrarecife.com.br\/sobre\/wp-json\/wp\/v2\/pages\/1137\/revisions"}],"wp:attachment":[{"href":"https:\/\/www.encontrarecife.com.br\/sobre\/wp-json\/wp\/v2\/media?parent=1137"}],"curies":[{"name":"wp","href":"https:\/\/api.w.org\/{rel}","templated":true}]}}