{"id":1110,"date":"2019-07-16T13:20:06","date_gmt":"2019-07-16T16:20:06","guid":{"rendered":"https:\/\/www.encontrarecife.com.br\/sobre\/?page_id=1110"},"modified":"2019-07-16T13:21:33","modified_gmt":"2019-07-16T16:21:33","slug":"expresso-cidadao-recife","status":"publish","type":"page","link":"https:\/\/www.encontrarecife.com.br\/sobre\/expresso-cidadao-recife\/","title":{"rendered":"Expresso Cidad\u00e3o Recife"},"content":{"rendered":"<div class=\"13f566c1641b828fb11817b18261638d\" data-index=\"1\" style=\"float: none; margin:0px;\">\n<!-- Anuncio display - global -->\r\n<ins class=\"adsbygoogle\"\r\n     style=\"display:block\"\r\n     data-ad-client=\"ca-pub-8585364105181520\"\r\n     data-ad-slot=\"8789329856\"\r\n     data-ad-format=\"auto\"\r\n     data-full-width-responsive=\"true\"><\/ins>\r\n<script>\r\n     (adsbygoogle = window.adsbygoogle || []).push({});\r\n<\/script>\n<\/div>\n<p>O <strong>Expresso Cidad\u00e3o Recife<\/strong> \u00e9 um programa do Governo do Estado de Pernambuco, vinculado \u00e0 Secretaria de Administra\u00e7\u00e3o, que re\u00fane \u00f3rg\u00e3os p\u00fablicos das esferas federal, estadual e municipal, al\u00e9m de empresas privadas. O objetivo do programa \u00e9 simplificar a vida do cidad\u00e3o, disponibilizando diversos servi\u00e7os reunidos num s\u00f3 local com qualidade, rapidez, efici\u00eancia e conforto.<\/p>\n<p>S\u00e3o 21 \u00f3rg\u00e3os participantes no Expresso Cidad\u00e3o, onde o usu\u00e1rio encontra diferentes servi\u00e7os de acordo com a unidade \u00e0 qual se dirige.<\/p>\n<p><img decoding=\"async\" loading=\"lazy\" class=\"alignnone wp-image-1111 size-full\" title=\"Expresso Cidad\u00e3o Recife\" src=\"https:\/\/www.encontrarecife.com.br\/sobre\/wp-content\/uploads\/exprersso-cidadao.gif\" alt=\"Expresso Cidad\u00e3o Recife\" width=\"680\" height=\"189\" \/><\/p>\n<p>S\u00e3o emiss\u00f5es de carteira de identidade, carteira profissional, habilita\u00e7\u00e3o, al\u00e9m de outras tarefas realizadas de forma a melhor atender a quem procura uma das unidades.\u00a0Atualmente, o programa conta com sete unidades instaladas: Boa Vista (Shopping Boa Vista), Pina (Shopping RioMar), Olinda (Shopping Patteo), Vit\u00f3ria de Santo Ant\u00e3o, Caruaru, Garanhuns e Petrolina, funcionando em ambiente confort\u00e1vel e climatizado.<\/p>\n<h2>Expresso Cidad\u00e3o\u00a0Recife\u00a0Servi\u00e7os<\/h2>\n<p>Atrav\u00e9s do Portal do Cidad\u00e3o, o usu\u00e1rio ter\u00e1 acesso \u00e0s seguintes informa\u00e7\u00f5es dos servi\u00e7os:<\/p>\n<ul>\n<li>Descri\u00e7\u00e3o do servi\u00e7o;<\/li>\n<li>Locais e formas de acessar o servi\u00e7o;<\/li>\n<li>Hor\u00e1rios de atendimento;<\/li>\n<li>Documentos necess\u00e1rios para acessar o servi\u00e7o;<\/li>\n<li>Canais de comunica\u00e7\u00e3o;<\/li>\n<li>Taxas cobradas;<\/li>\n<li>Procedimentos necess\u00e1rios para obten\u00e7\u00e3o do servi\u00e7o ou atendimento pelo cidad\u00e3o.<\/li>\n<\/ul>\n<p>O portal \u00e9 um espa\u00e7o democr\u00e1tico cujo objetivo \u00e9 facilitar a vida do cidad\u00e3o, simplificando o acesso aos servi\u00e7os e informa\u00e7\u00f5es prestados pela Administra\u00e7\u00e3o P\u00fablica Estadual.<\/p>\n<h3>Expresso Cidad\u00e3o\u00a0Recife\u00a0Agendamento<\/h3>\n<p>Para fazer agendamento de servi\u00e7os basta acessar o site abaixo e clicar no bot\u00e3o agendamento e preencha os passos do formul\u00e1rio.<\/p>\n<h3>Hor\u00e1rio de Funcionamento\u00a0Expresso Cidad\u00e3o em Recife<\/h3>\n<ul>\n<li><strong>Cordeiro:<\/strong> Segunda a Sexta das 08h \u00e0s 20h \/ S\u00e1bado das 08h \u00e0s 12h<\/li>\n<li><strong>Shopping RioMar:<\/strong>\u00a0Segunda a Sexta das 08h \u00e0s 20h \/ S\u00e1bado das 08h \u00e0s 12h<\/li>\n<li><strong>Shopping Boa Vista:<\/strong> Segunda a Sexta das 08h \u00e0s 20h \/ S\u00e1bado das 08h \u00e0s 14h<\/li>\n<\/ul>\n<h3>Endere\u00e7o e Telefone\u00a0Expresso Cidad\u00e3o em Recife<\/h3>\n<ul>\n<li><strong>Cordeiro:<\/strong> Av. Caxang\u00e1, 2200 &#8211; Telefone: (81) 3183-8002<\/li>\n<li><strong>Shopping RioMar:<\/strong> Av. Rep\u00fablica do L\u00edbano, 251 &#8211; Telefone: (81) 3183-8032<\/li>\n<li><strong>Shopping Boa Vista:<\/strong> Rua Corredor do Bpo, 81 &#8211; Telefone: (81) 3183-8052<\/li>\n<\/ul>\n<h4>Outras informa\u00e7\u00f5es e site<\/h4>\n<ul>\n<li>Mais informa\u00e7\u00f5es:\u00a0<a href=\"https:\/\/www.pecidadao.pe.gov.br\/#\/\" target=\"_blank\" rel=\"noopener noreferrer\">www.pecidadao.pe.gov.br<\/a><\/li>\n<\/ul>\n<h4>Mapa de localiza\u00e7\u00e3o Cordeiro<\/h4>\n<a class=\"wp-colorbox-iframe\" href=\"https:\/\/www.google.com\/maps\/embed?pb=!1m18!1m12!1m3!1d3950.53603429318!2d-34.9290496852203!3d-8.046674194205954!2m3!1f0!2f0!3f0!3m2!1i1024!2i768!4f13.1!3m3!1m2!1s0x7ab191341f8ca150x81c4ee9b70f1da5c!2sAv.+Caxang+2200+-+Cordeiro+Recife+-+PE+50610-230!5e0!3m2!1spt-BR!2sbr!4v1563293686024!5m2!1spt-BR!2sbr\"><img src=\"http:\/\/www.encontrarecife.com.br\/imgs\/maps-post.png\"><\/a>\n\n<div style=\"font-size: 0px; height: 0px; line-height: 0px; margin: 0; padding: 0; clear: both;\"><\/div>","protected":false},"excerpt":{"rendered":"<p>O Expresso Cidad\u00e3o Recife \u00e9 um programa do Governo do Estado de Pernambuco, vinculado \u00e0 Secretaria de Administra\u00e7\u00e3o, que re\u00fane \u00f3rg\u00e3os p\u00fablicos das esferas federal, estadual e municipal, al\u00e9m de empresas privadas. O objetivo do programa \u00e9 simplificar a vida do cidad\u00e3o, disponibilizando diversos servi\u00e7os reunidos num s\u00f3 local com qualidade, rapidez, efici\u00eancia e conforto. S\u00e3o 21 \u00f3rg\u00e3os participantes no Expresso Cidad\u00e3o, onde o usu\u00e1rio encontra diferentes servi\u00e7os de acordo com a unidade \u00e0 qual se dirige. S\u00e3o emiss\u00f5es de carteira de identidade, carteira profissional, habilita\u00e7\u00e3o, al\u00e9m de outras tarefas realizadas de forma a melhor atender a quem procura uma <\/p>\n","protected":false},"author":1,"featured_media":0,"parent":0,"menu_order":0,"comment_status":"closed","ping_status":"closed","template":"","meta":[],"aioseo_notices":[],"_links":{"self":[{"href":"https:\/\/www.encontrarecife.com.br\/sobre\/wp-json\/wp\/v2\/pages\/1110"}],"collection":[{"href":"https:\/\/www.encontrarecife.com.br\/sobre\/wp-json\/wp\/v2\/pages"}],"about":[{"href":"https:\/\/www.encontrarecife.com.br\/sobre\/wp-json\/wp\/v2\/types\/page"}],"author":[{"embeddable":true,"href":"https:\/\/www.encontrarecife.com.br\/sobre\/wp-json\/wp\/v2\/users\/1"}],"replies":[{"embeddable":true,"href":"https:\/\/www.encontrarecife.com.br\/sobre\/wp-json\/wp\/v2\/comments?post=1110"}],"version-history":[{"count":0,"href":"https:\/\/www.encontrarecife.com.br\/sobre\/wp-json\/wp\/v2\/pages\/1110\/revisions"}],"wp:attachment":[{"href":"https:\/\/www.encontrarecife.com.br\/sobre\/wp-json\/wp\/v2\/media?parent=1110"}],"curies":[{"name":"wp","href":"https:\/\/api.w.org\/{rel}","templated":true}]}}