{"id":1043,"date":"2019-07-01T05:37:14","date_gmt":"2019-07-01T08:37:14","guid":{"rendered":"https:\/\/www.encontrarecife.com.br\/sobre\/?page_id=1043"},"modified":"2019-07-01T05:37:14","modified_gmt":"2019-07-01T08:37:14","slug":"caixa-cultural-recife","status":"publish","type":"page","link":"https:\/\/www.encontrarecife.com.br\/sobre\/caixa-cultural-recife\/","title":{"rendered":"Caixa Cultural Recife"},"content":{"rendered":"<div class=\"13f566c1641b828fb11817b18261638d\" data-index=\"1\" style=\"float: none; margin:0px;\">\n<!-- Anuncio display - global -->\r\n<ins class=\"adsbygoogle\"\r\n     style=\"display:block\"\r\n     data-ad-client=\"ca-pub-8585364105181520\"\r\n     data-ad-slot=\"8789329856\"\r\n     data-ad-format=\"auto\"\r\n     data-full-width-responsive=\"true\"><\/ins>\r\n<script>\r\n     (adsbygoogle = window.adsbygoogle || []).push({});\r\n<\/script>\n<\/div>\n<p>A<strong>\u00a0Caixa Cultural Recife<\/strong>, criada em 1980, foi o primeiro espa\u00e7o cultural institu\u00eddo pela Caixa. A localiza\u00e7\u00e3o n\u00e3o podia ser melhor, pois fica no Setor Banc\u00e1rio Sul, pr\u00f3xima ao centro da cidade, ao Eixo Monumental, a duas esta\u00e7\u00f5es do metr\u00f4 e \u00e0 rodovi\u00e1ria urbana.<\/p>\n<p>\u00c9 um espa\u00e7o cultural muito apreciado pela popula\u00e7\u00e3o e comporta cinco galerias, o Teatro da Caixa e o Jardim das Esculturas. Al\u00e9m disso, desenvolve o Programa Educativo Caixa Gente Arteira e apresenta mostras do Acervo Art\u00edstico e Hist\u00f3rico da Caixa.<\/p>\n<p><img decoding=\"async\" loading=\"lazy\" class=\"alignnone wp-image-1044 size-full\" title=\"Caixa Cultural Recife\" src=\"https:\/\/www.encontrarecife.com.br\/sobre\/wp-content\/uploads\/caixa-cultural-recife.gif\" alt=\"Caixa Cultural Recife\" width=\"680\" height=\"189\" \/><\/p>\n<p>A Caixa Cultural tem atua\u00e7\u00e3o pautada pela diversidade e qualidade de eventos, preserva\u00e7\u00e3o de identidades culturais, dissemina\u00e7\u00e3o de valores e fomento \u00e0 cultura. A fim de tornar a arte e a cultura acess\u00edveis a todos, garante entrada gratuita \u00e0s exposi\u00e7\u00f5es das galerias e pre\u00e7os populares para os espet\u00e1culos e shows apresentados no Teatro da Caixa.<\/p>\n<p>Rica e diversificada, a cultura brasileira \u00e9 fruto do grande potencial humano e est\u00e9tico de nosso povo, refletindo as tradi\u00e7\u00f5es e os valores de todas as regi\u00f5es. Pensando nisso, a Caixa mant\u00e9m um di\u00e1logo constante com as nossas ra\u00edzes culturais e busca consolidar sua imagem de grande apoiadora da cultura brasileira.<\/p>\n<p>Diante desse comprometimento em disseminar a cultura em todos os cantos do pa\u00eds, a Caixa instalou unidades da Caixa Cultural em sete capitais: Bras\u00edlia, Curitiba, Fortaleza, Recife, Rio de Janeiro, Salvador e S\u00e3o Paulo, onde proporciona aos brasileiros, o acesso a uma diversidade de manifesta\u00e7\u00f5es da arte e da cultura nacionais, e tamb\u00e9m estimula o interc\u00e2mbio cultural e a troca de experi\u00eancias, patrocinando eventos de artistas de outros pa\u00edses. Tudo isso com uma programa\u00e7\u00e3o plural e de qualidade, gratuita ou a pre\u00e7os acess\u00edveis.<\/p>\n<p>Consciente de seu papel como empresa socialmente respons\u00e1vel, que estimula a inclus\u00e3o e a cidadania, a Caixa busca trazer ao universo cultural alunos de escolas p\u00fablicas, pessoas da terceira idade e\/ou com necessidades especiais por meio do programa de arte-educa\u00e7\u00e3o Gente Arteira.<\/p>\n<p>Al\u00e9m de apoiar e patrocinar a arte e a cultura, a Caixa preserva e divulga um acervo art\u00edstico composto por quase 2 mil obras, entre pinturas, esculturas, gravuras, desenhos e fotografia. O conjunto abrange os \u00faltimos cem anos da produ\u00e7\u00e3o art\u00edstica nacional, de artistas marcantes do Modernismo aos dias atuais, como \u00e9 o caso de Tarsila do Amaral, C\u00e2ndido Portinari, Djanira, Di Cavalcanti, Tomie Otake, Anita Malfati, Ant\u00f4nio Poteiro, Carmela Gross, Daniel Senise, dentre outros.<\/p>\n<p>E com isso a Caixa consolida sua imagem como grande apoiadora da nossa cultura, promovendo, por meio dos espa\u00e7os culturais, a fomenta\u00e7\u00e3o de produ\u00e7\u00e3o art\u00edstica, al\u00e9m de contribuir de maneira decisiva para a difus\u00e3o e valoriza\u00e7\u00e3o da cultura brasileira.<\/p>\n<h2>Caixa Cultural Recife Programa\u00e7\u00e3o<\/h2>\n<p>A\u00a0<em>Programa\u00e7\u00e3o<\/em>\u00a0da Caixa Cultural n\u00e3o \u00e9 fixa, acesse o site e confira os espet\u00e1culos em cartaz.<\/p>\n<h3>Caixa Cultural Recife Ingressos<\/h3>\n<p>Entre em contato com a bilheteria do local para maiores informa\u00e7\u00f5es sobre os valores dos\u00a0<em>ingressos.<\/em><\/p>\n<h3>Vagas Caixa Cultural Recife \u2013 Trabalhe Conosco<\/h3>\n<p>A Caixa Cultural Bras\u00edlia disponibiliza\u00a0<em>vagas de trabalho<\/em>\u00a0durante todo ano. Para se informar sobre os processos seletivos e se candidatar as vagas acompanhe o site da empresa, onde \u00e9 poss\u00edvel se informar sobre vagas abertas, sal\u00e1rios e compet\u00eancias necess\u00e1rias para se candidatar ao processo.<\/p>\n<h3>Hor\u00e1rio de Funcionamento Caixa Cultural em Recife<\/h3>\n<ul>\n<li>Ter\u00e7a a\u00a0S\u00e1bado das 10h \u00e0s 18h<\/li>\n<\/ul>\n<h3>Endere\u00e7o e Telefone Caixa Cultural em Recife<\/h3>\n<ul>\n<li>Av. Alfredo Lisboa, 505 &#8211; Recife &#8211; PE<\/li>\n<li>Telefone: (81) 3425-1915<\/li>\n<\/ul>\n<h4>Outras informa\u00e7\u00f5es e site<\/h4>\n<ul>\n<li>Mais informa\u00e7\u00f5es:\u00a0<a href=\"http:\/\/www.programasculturaiscaixa.com.br\/unidade-curitiba\/\" target=\"_blank\" rel=\"noopener noreferrer\">www.programasculturaiscaixa.com.br<\/a><\/li>\n<\/ul>\n<h4>Mapa de localiza\u00e7\u00e3o<\/h4>\n<a class=\"wp-colorbox-iframe\" href=\"https:\/\/www.google.com\/maps\/embed?pb=!1m14!1m8!1m3!1d15801.522654213151!2d-34.8713037!3d-8.062598!3m2!1i1024!2i768!4f13.1!3m3!1m2!1s0x00x7415d5867cebcdf4!2sCaixa+Cultural+Recife!5e0!3m2!1spt-BR!2sbr!4v1561970031713!5m2!1spt-BR!2sbr\"><img src=\"http:\/\/www.encontrarecife.com.br\/imgs\/maps-post.png\"><\/a>\n\n<div style=\"font-size: 0px; height: 0px; line-height: 0px; margin: 0; padding: 0; clear: both;\"><\/div>","protected":false},"excerpt":{"rendered":"<p>A\u00a0Caixa Cultural Recife, criada em 1980, foi o primeiro espa\u00e7o cultural institu\u00eddo pela Caixa. A localiza\u00e7\u00e3o n\u00e3o podia ser melhor, pois fica no Setor Banc\u00e1rio Sul, pr\u00f3xima ao centro da cidade, ao Eixo Monumental, a duas esta\u00e7\u00f5es do metr\u00f4 e \u00e0 rodovi\u00e1ria urbana. \u00c9 um espa\u00e7o cultural muito apreciado pela popula\u00e7\u00e3o e comporta cinco galerias, o Teatro da Caixa e o Jardim das Esculturas. Al\u00e9m disso, desenvolve o Programa Educativo Caixa Gente Arteira e apresenta mostras do Acervo Art\u00edstico e Hist\u00f3rico da Caixa. A Caixa Cultural tem atua\u00e7\u00e3o pautada pela diversidade e qualidade de eventos, preserva\u00e7\u00e3o de identidades culturais, dissemina\u00e7\u00e3o <\/p>\n","protected":false},"author":1,"featured_media":0,"parent":0,"menu_order":0,"comment_status":"closed","ping_status":"closed","template":"","meta":[],"aioseo_notices":[],"_links":{"self":[{"href":"https:\/\/www.encontrarecife.com.br\/sobre\/wp-json\/wp\/v2\/pages\/1043"}],"collection":[{"href":"https:\/\/www.encontrarecife.com.br\/sobre\/wp-json\/wp\/v2\/pages"}],"about":[{"href":"https:\/\/www.encontrarecife.com.br\/sobre\/wp-json\/wp\/v2\/types\/page"}],"author":[{"embeddable":true,"href":"https:\/\/www.encontrarecife.com.br\/sobre\/wp-json\/wp\/v2\/users\/1"}],"replies":[{"embeddable":true,"href":"https:\/\/www.encontrarecife.com.br\/sobre\/wp-json\/wp\/v2\/comments?post=1043"}],"version-history":[{"count":0,"href":"https:\/\/www.encontrarecife.com.br\/sobre\/wp-json\/wp\/v2\/pages\/1043\/revisions"}],"wp:attachment":[{"href":"https:\/\/www.encontrarecife.com.br\/sobre\/wp-json\/wp\/v2\/media?parent=1043"}],"curies":[{"name":"wp","href":"https:\/\/api.w.org\/{rel}","templated":true}]}}