{"id":1037,"date":"2019-07-01T05:06:11","date_gmt":"2019-07-01T08:06:11","guid":{"rendered":"https:\/\/www.encontrarecife.com.br\/sobre\/?page_id=1037"},"modified":"2019-07-10T13:28:04","modified_gmt":"2019-07-10T16:28:04","slug":"detran-recife","status":"publish","type":"page","link":"https:\/\/www.encontrarecife.com.br\/sobre\/detran-recife\/","title":{"rendered":"Detran Recife"},"content":{"rendered":"<div class=\"13f566c1641b828fb11817b18261638d\" data-index=\"1\" style=\"float: none; margin:0px;\">\n<!-- Anuncio display - global -->\r\n<ins class=\"adsbygoogle\"\r\n     style=\"display:block\"\r\n     data-ad-client=\"ca-pub-8585364105181520\"\r\n     data-ad-slot=\"8789329856\"\r\n     data-ad-format=\"auto\"\r\n     data-full-width-responsive=\"true\"><\/ins>\r\n<script>\r\n     (adsbygoogle = window.adsbygoogle || []).push({});\r\n<\/script>\n<\/div>\n<p>O Detran (Departamento Estadual de Tr\u00e2nsito) \u00e9 um \u00f3rg\u00e3o que tem como fun\u00e7\u00e3o, administrar e fiscalizar o tr\u00e2nsito de ve\u00edculos assim como a forma\u00e7\u00e3o de seus condutores.<\/p>\n<p>O\u00a0<strong>Detran Recife<\/strong>\u00a0realiza licenciamento de ve\u00edculos , bem como o registro, instala\u00e7\u00e3o e selagem de placas, isso \u00e9 feito para facilitar a identifica\u00e7\u00e3o do autom\u00f3vel e regularizar sua situa\u00e7\u00e3o, possibilitando a circula\u00e7\u00e3o em vias p\u00fablicas.<\/p>\n<p><img decoding=\"async\" loading=\"lazy\" class=\"alignnone wp-image-1038 size-full\" title=\"Detran Recife\" src=\"https:\/\/www.encontrarecife.com.br\/sobre\/wp-content\/uploads\/detran-receife.gif\" alt=\"Detran Recife\" width=\"680\" height=\"189\" \/><\/p>\n<h2>Detran Recife Licenciamento de Ve\u00edculos<\/h2>\n<p>O Calend\u00e1rio Anual de\u00a0<em>Licenciamento de ve\u00edculos<\/em>\u00a0do DETRAN entra em vigor no m\u00eas de mar\u00e7o. Os propriet\u00e1rios podem emitir o boleto do licenciamento atrav\u00e9s do site do Detran PE ou ainda pelo aplicativo Detran que \u00e9 gratuito e est\u00e1 dispon\u00edvel para download na APP Store e Google Play.<\/p>\n<p>O boleto ser\u00e1 gerado mediante a informa\u00e7\u00e3o da placa e do n\u00famero do Renavam (Registro Nacional de Ve\u00edculos Automotores).\u00a0\u00a0Caso haja multas vencidas, seus valores ser\u00e3o cobrados no boleto do licenciamento.<\/p>\n<p>O pagamento deve ser feito na rede banc\u00e1ria credenciada, inclusive caixas eletr\u00f4nicos: Banco do Brasil, Bradesco, Caixa Econ\u00f4mica e Lot\u00e9ricas. Conforme determina o C\u00f3digo de Tr\u00e2nsito Brasileiro \u2013 CTB \u2013 a falta de licenciamento anual \u00e9 uma infra\u00e7\u00e3o de tr\u00e2nsito que acarreta em multa e remo\u00e7\u00e3o do ve\u00edculo.<\/p>\n<h3>Detran Recife Multas<\/h3>\n<p>Voc\u00ea pode conferir se o seu ve\u00edculo foi multado acessando a aba servi\u00e7os e depois em\u00a0<em>multas<\/em>. Voc\u00ea pode fazer a pesquisa utilizando a placa do ve\u00edculo ou o Renavam e pesquisar.<\/p>\n<h3>Detran Recife\u00a0IPVA<\/h3>\n<p>O Imposto sobre Propriedades de Ve\u00edculos Automotores (<em>IPVA<\/em>) \u00e9 um imposto anual pago pelos propriet\u00e1rios ou possuidores de ve\u00edculos. O valor do IPVA \u00e9 calculado com base no valor do ve\u00edculo e sua quita\u00e7\u00e3o \u00e9 um requisito para o licenciamento.\u00a0O IPVA pode ser pago na rede banc\u00e1ria autorizada (guich\u00ea do caixa, autoatendimento, internet banking, d\u00e9bito agendado) ou nas casas lot\u00e9ricas, utilizando o c\u00f3digo RENAVAM constante no Certificado de Registro e Licenciamento de Ve\u00edculos &#8211; CRLV.<\/p>\n<p>No Detran \u00e9 poss\u00edvel realizar os seguintes servi\u00e7os:<\/p>\n<ul>\n<li>Emitir Boleto IPVA<\/li>\n<li>Consultar D\u00e9bitos<\/li>\n<li>Emitir Boleto Licenciamento<\/li>\n<li>Emitir Boleto IPVA primeiro emplacamento (Ve\u00edculo novo)<\/li>\n<\/ul>\n<h3>Detran\u00a0Recife Consulta de Placas<\/h3>\n<p>Pelo site do Detran voc\u00ea pode fazer a<em> consulta do ve\u00edculo pelo n\u00famero da placa. <\/em>Assim voc\u00ea pode verificar a situa\u00e7\u00e3o legal do ve\u00edculo.<\/p>\n<h3>Hor\u00e1rio de Funcionamento\u00a0Detran em Recife<\/h3>\n<ul>\n<li><strong>Iputinga:<\/strong>\u00a0Segunda a Sexta das 08h \u00e0s 13h<\/li>\n<li><strong>Cordeiro:<\/strong> Segunda a S\u00e1bado das 08h \u00e0s 13h30<\/li>\n<li><strong>Shopping Recife:<\/strong> Segunda a S\u00e1bado\u00a0das 09h \u00e0s 21h \/ S\u00e1bado das 09h \u00e0s 15h<\/li>\n<li><strong>Shopping Tacaruna:<\/strong> Segunda a S\u00e1bado\u00a0das 09h \u00e0s\u00a021h \/ S\u00e1bado das 09h \u00e0s 15h<\/li>\n<\/ul>\n<h3>Endere\u00e7o e Telefone Detran em Recife<\/h3>\n<ul>\n<li><strong>Iputinga:<\/strong> Estrada do Barbalho, 889 &#8211; Telefone: (81) 3453-1514<\/li>\n<li><strong>Cordeiro:<\/strong> Av. Caxang\u00e1, 2200 &#8211; Telefone: (81) 3184-8833<\/li>\n<li><strong>Shopping Recife:<\/strong> Rua Padre Carapuceiro, 777 &#8211; Telefone: (81) 3453-1514<\/li>\n<li><strong>Shopping Tacaruna:<\/strong> Av. Gov. Agamenon Magalh\u00e3es, 153 &#8211; Telefone: (81) 3412-6000<\/li>\n<\/ul>\n<h4>Outras informa\u00e7\u00f5es e site<\/h4>\n<ul>\n<li>Mais informa\u00e7\u00f5es:\u00a0<a href=\"http:\/\/detran.pb.gov.br\/\" target=\"_blank\" rel=\"noopener noreferrer\">www.detran.pb.gov.br<\/a><\/li>\n<li>Mais informa\u00e7\u00f5es:\u00a0<a href=\"https:\/\/www.detranbr.org\/detran-recife-pe\/\">www.detranbr.org\/detran-recife-pe<\/a><\/li>\n<\/ul>\n<h4>Mapa de localiza\u00e7\u00e3o\u00a0Iputinga<\/h4>\n<a class=\"wp-colorbox-iframe\" href=\"https:\/\/www.google.com\/maps\/embed?pb=!1m18!1m12!1m3!1d3950.6866713442414!2d-34.94195488522021!3d-8.031205594216814!2m3!1f0!2f0!3f0!3m2!1i1024!2i768!4f13.1!3m3!1m2!1s0x7ab1982cc8e20970x33f2459095f5b901!2sEstr.+do+Barbalho+889+-+Iputinga+Recife+-+PE+52171-011!5e0!3m2!1spt-BR!2sbr!4v1561968079366!5m2!1spt-BR!2sbr\"><img src=\"http:\/\/www.encontrarecife.com.br\/imgs\/maps-post.png\"><\/a>\n\n<div style=\"font-size: 0px; height: 0px; line-height: 0px; margin: 0; padding: 0; clear: both;\"><\/div>","protected":false},"excerpt":{"rendered":"<p>O Detran (Departamento Estadual de Tr\u00e2nsito) \u00e9 um \u00f3rg\u00e3o que tem como fun\u00e7\u00e3o, administrar e fiscalizar o tr\u00e2nsito de ve\u00edculos assim como a forma\u00e7\u00e3o de seus condutores. O\u00a0Detran Recife\u00a0realiza licenciamento de ve\u00edculos , bem como o registro, instala\u00e7\u00e3o e selagem de placas, isso \u00e9 feito para facilitar a identifica\u00e7\u00e3o do autom\u00f3vel e regularizar sua situa\u00e7\u00e3o, possibilitando a circula\u00e7\u00e3o em vias p\u00fablicas. Detran Recife Licenciamento de Ve\u00edculos O Calend\u00e1rio Anual de\u00a0Licenciamento de ve\u00edculos\u00a0do DETRAN entra em vigor no m\u00eas de mar\u00e7o. Os propriet\u00e1rios podem emitir o boleto do licenciamento atrav\u00e9s do site do Detran PE ou ainda pelo aplicativo Detran que <\/p>\n","protected":false},"author":1,"featured_media":0,"parent":0,"menu_order":0,"comment_status":"closed","ping_status":"closed","template":"","meta":[],"aioseo_notices":[],"_links":{"self":[{"href":"https:\/\/www.encontrarecife.com.br\/sobre\/wp-json\/wp\/v2\/pages\/1037"}],"collection":[{"href":"https:\/\/www.encontrarecife.com.br\/sobre\/wp-json\/wp\/v2\/pages"}],"about":[{"href":"https:\/\/www.encontrarecife.com.br\/sobre\/wp-json\/wp\/v2\/types\/page"}],"author":[{"embeddable":true,"href":"https:\/\/www.encontrarecife.com.br\/sobre\/wp-json\/wp\/v2\/users\/1"}],"replies":[{"embeddable":true,"href":"https:\/\/www.encontrarecife.com.br\/sobre\/wp-json\/wp\/v2\/comments?post=1037"}],"version-history":[{"count":0,"href":"https:\/\/www.encontrarecife.com.br\/sobre\/wp-json\/wp\/v2\/pages\/1037\/revisions"}],"wp:attachment":[{"href":"https:\/\/www.encontrarecife.com.br\/sobre\/wp-json\/wp\/v2\/media?parent=1037"}],"curies":[{"name":"wp","href":"https:\/\/api.w.org\/{rel}","templated":true}]}}